{"id":184,"date":"2017-07-19T16:48:43","date_gmt":"2017-07-19T14:48:43","guid":{"rendered":"http:\/\/domainedebesse.fr\/?page_id=184"},"modified":"2017-07-19T16:50:43","modified_gmt":"2017-07-19T14:50:43","slug":"la-vendange-2016-2","status":"publish","type":"page","link":"https:\/\/domainedebesse.fr\/index.php\/la-vendange-2016-2\/","title":{"rendered":"La vendange 2016"},"content":{"rendered":"<p>Par Val\u00e9rie Pons Dunom<\/p>\n<p>cette ann\u00e9e, une grosse s\u00e9cheresse a s\u00e9vi dans nos vignes et le mildiou a \u00e9t\u00e9 tr\u00e8s pr\u00e9sent. Le raisin est sain et de belle qualit\u00e9 mais les rendements seront tr\u00e8s faibles. Nous avons commenc\u00e9 le 28 Aout 2016, jour de l&rsquo;anniversaire de mon mari et il a eu une belle journ\u00e9e pour ses 50 ans. Tout le monde \u00e9tait l\u00e0 et la vendange du sauvignon a \u00e9t\u00e9 vite pli\u00e9e. Toutes les caisses ont \u00e9t\u00e9 ramen\u00e9es et vid\u00e9es directement dans le pressoir sans \u00e9grappage. Le jus r\u00e9colt\u00e9 sous atmosph\u00e8re neutre gr\u00e2ce \u00e0 de la glace carbonique est mis en cuve imm\u00e9diatement. Dame nature peut faire son oeuvre. Tout le monde s&rsquo;est retrouv\u00e9 autour du couscous de Tatie Marie et tonton Michel qui\u00a0avec ses fusils de verre remplis de ses liqueurs nous a bien r\u00e9gal\u00e9.\u00a0En suivant, la syrah,le grenache et le cinsault\u00a0ont \u00e9t\u00e9 vendang\u00e9s avec des rendements bien plus faibles que l&rsquo;ann\u00e9e derni\u00e8re. Le ros\u00e9 a \u00e9t\u00e9 fait \u00e0 partir de grenache et cinsault press\u00e9 et d&rsquo;une saign\u00e9e sur la syrah. Tout est prometteur mais les rendements ont \u00e9t\u00e9 si faibles sur le grenache notamment que nous envisageons des assemblages diff\u00e9rents de ceux de 2015.<\/p>\n<p>&nbsp;<\/p>\n","protected":false},"excerpt":{"rendered":"<p>Par Val\u00e9rie Pons Dunom cette ann\u00e9e, une grosse s\u00e9cheresse a s\u00e9vi dans nos vignes et le mildiou a \u00e9t\u00e9 tr\u00e8s pr\u00e9sent. Le raisin est sain et de belle qualit\u00e9 mais les rendements seront tr\u00e8s faibles. Nous avons commenc\u00e9 le 28 Aout 2016, jour de l&rsquo;anniversaire de mon mari et il a eu une belle journ\u00e9e &hellip; <\/p>\n<p class=\"link-more\"><a href=\"https:\/\/domainedebesse.fr\/index.php\/la-vendange-2016-2\/\" class=\"more-link\">Continuer la lecture<span class=\"screen-reader-text\"> de &laquo;&nbsp;La vendange 2016&nbsp;&raquo;<\/span><\/a><\/p>\n","protected":false},"author":1,"featured_media":0,"parent":0,"menu_order":0,"comment_status":"closed","ping_status":"closed","template":"","meta":{"_monsterinsights_skip_tracking":false,"_monsterinsights_sitenote_active":false,"_monsterinsights_sitenote_note":"","_monsterinsights_sitenote_category":0},"yoast_head":"<!-- This site is optimized with the Yoast SEO plugin v21.1 - https:\/\/yoast.com\/wordpress\/plugins\/seo\/ -->\n<title>La vendange 2016 - DOMAINE DE BESSE<\/title>\n<meta name=\"robots\" content=\"index, follow, max-snippet:-1, max-image-preview:large, max-video-preview:-1\" \/>\n<link rel=\"canonical\" href=\"https:\/\/domainedebesse.fr\/index.php\/la-vendange-2016-2\/\" \/>\n<meta property=\"og:locale\" content=\"fr_FR\" \/>\n<meta property=\"og:type\" content=\"article\" \/>\n<meta property=\"og:title\" content=\"La vendange 2016 - DOMAINE DE BESSE\" \/>\n<meta property=\"og:description\" content=\"Par Val\u00e9rie Pons Dunom cette ann\u00e9e, une grosse s\u00e9cheresse a s\u00e9vi dans nos vignes et le mildiou a \u00e9t\u00e9 tr\u00e8s pr\u00e9sent. Le raisin est sain et de belle qualit\u00e9 mais les rendements seront tr\u00e8s faibles. Nous avons commenc\u00e9 le 28 Aout 2016, jour de l&rsquo;anniversaire de mon mari et il a eu une belle journ\u00e9e &hellip; Continuer la lecture de &laquo;&nbsp;La vendange 2016&nbsp;&raquo;\" \/>\n<meta property=\"og:url\" content=\"https:\/\/domainedebesse.fr\/index.php\/la-vendange-2016-2\/\" \/>\n<meta property=\"og:site_name\" content=\"DOMAINE DE BESSE\" \/>\n<meta property=\"article:modified_time\" content=\"2017-07-19T14:50:43+00:00\" \/>\n<meta name=\"twitter:card\" content=\"summary_large_image\" \/>\n<meta name=\"twitter:label1\" content=\"Dur\u00e9e de lecture estim\u00e9e\" \/>\n\t<meta name=\"twitter:data1\" content=\"1 minute\" \/>\n<script type=\"application\/ld+json\" class=\"yoast-schema-graph\">{\"@context\":\"https:\/\/schema.org\",\"@graph\":[{\"@type\":\"WebPage\",\"@id\":\"https:\/\/domainedebesse.fr\/index.php\/la-vendange-2016-2\/\",\"url\":\"https:\/\/domainedebesse.fr\/index.php\/la-vendange-2016-2\/\",\"name\":\"La vendange 2016 - DOMAINE DE BESSE\",\"isPartOf\":{\"@id\":\"https:\/\/domainedebesse.fr\/#website\"},\"datePublished\":\"2017-07-19T14:48:43+00:00\",\"dateModified\":\"2017-07-19T14:50:43+00:00\",\"breadcrumb\":{\"@id\":\"https:\/\/domainedebesse.fr\/index.php\/la-vendange-2016-2\/#breadcrumb\"},\"inLanguage\":\"fr-FR\",\"potentialAction\":[{\"@type\":\"ReadAction\",\"target\":[\"https:\/\/domainedebesse.fr\/index.php\/la-vendange-2016-2\/\"]}]},{\"@type\":\"BreadcrumbList\",\"@id\":\"https:\/\/domainedebesse.fr\/index.php\/la-vendange-2016-2\/#breadcrumb\",\"itemListElement\":[{\"@type\":\"ListItem\",\"position\":1,\"name\":\"Accueil\",\"item\":\"https:\/\/domainedebesse.fr\/\"},{\"@type\":\"ListItem\",\"position\":2,\"name\":\"La vendange 2016\"}]},{\"@type\":\"WebSite\",\"@id\":\"https:\/\/domainedebesse.fr\/#website\",\"url\":\"https:\/\/domainedebesse.fr\/\",\"name\":\"DOMAINE DE BESSE\",\"description\":\"Une histoire de famille et d&#039;amiti\u00e9s\",\"potentialAction\":[{\"@type\":\"SearchAction\",\"target\":{\"@type\":\"EntryPoint\",\"urlTemplate\":\"https:\/\/domainedebesse.fr\/?s={search_term_string}\"},\"query-input\":\"required name=search_term_string\"}],\"inLanguage\":\"fr-FR\"}]}<\/script>\n<!-- \/ Yoast SEO plugin. -->","yoast_head_json":{"title":"La vendange 2016 - DOMAINE DE BESSE","robots":{"index":"index","follow":"follow","max-snippet":"max-snippet:-1","max-image-preview":"max-image-preview:large","max-video-preview":"max-video-preview:-1"},"canonical":"https:\/\/domainedebesse.fr\/index.php\/la-vendange-2016-2\/","og_locale":"fr_FR","og_type":"article","og_title":"La vendange 2016 - DOMAINE DE BESSE","og_description":"Par Val\u00e9rie Pons Dunom cette ann\u00e9e, une grosse s\u00e9cheresse a s\u00e9vi dans nos vignes et le mildiou a \u00e9t\u00e9 tr\u00e8s pr\u00e9sent. Le raisin est sain et de belle qualit\u00e9 mais les rendements seront tr\u00e8s faibles. Nous avons commenc\u00e9 le 28 Aout 2016, jour de l&rsquo;anniversaire de mon mari et il a eu une belle journ\u00e9e &hellip; Continuer la lecture de &laquo;&nbsp;La vendange 2016&nbsp;&raquo;","og_url":"https:\/\/domainedebesse.fr\/index.php\/la-vendange-2016-2\/","og_site_name":"DOMAINE DE BESSE","article_modified_time":"2017-07-19T14:50:43+00:00","twitter_card":"summary_large_image","twitter_misc":{"Dur\u00e9e de lecture estim\u00e9e":"1 minute"},"schema":{"@context":"https:\/\/schema.org","@graph":[{"@type":"WebPage","@id":"https:\/\/domainedebesse.fr\/index.php\/la-vendange-2016-2\/","url":"https:\/\/domainedebesse.fr\/index.php\/la-vendange-2016-2\/","name":"La vendange 2016 - DOMAINE DE BESSE","isPartOf":{"@id":"https:\/\/domainedebesse.fr\/#website"},"datePublished":"2017-07-19T14:48:43+00:00","dateModified":"2017-07-19T14:50:43+00:00","breadcrumb":{"@id":"https:\/\/domainedebesse.fr\/index.php\/la-vendange-2016-2\/#breadcrumb"},"inLanguage":"fr-FR","potentialAction":[{"@type":"ReadAction","target":["https:\/\/domainedebesse.fr\/index.php\/la-vendange-2016-2\/"]}]},{"@type":"BreadcrumbList","@id":"https:\/\/domainedebesse.fr\/index.php\/la-vendange-2016-2\/#breadcrumb","itemListElement":[{"@type":"ListItem","position":1,"name":"Accueil","item":"https:\/\/domainedebesse.fr\/"},{"@type":"ListItem","position":2,"name":"La vendange 2016"}]},{"@type":"WebSite","@id":"https:\/\/domainedebesse.fr\/#website","url":"https:\/\/domainedebesse.fr\/","name":"DOMAINE DE BESSE","description":"Une histoire de famille et d&#039;amiti\u00e9s","potentialAction":[{"@type":"SearchAction","target":{"@type":"EntryPoint","urlTemplate":"https:\/\/domainedebesse.fr\/?s={search_term_string}"},"query-input":"required name=search_term_string"}],"inLanguage":"fr-FR"}]}},"_links":{"self":[{"href":"https:\/\/domainedebesse.fr\/index.php\/wp-json\/wp\/v2\/pages\/184"}],"collection":[{"href":"https:\/\/domainedebesse.fr\/index.php\/wp-json\/wp\/v2\/pages"}],"about":[{"href":"https:\/\/domainedebesse.fr\/index.php\/wp-json\/wp\/v2\/types\/page"}],"author":[{"embeddable":true,"href":"https:\/\/domainedebesse.fr\/index.php\/wp-json\/wp\/v2\/users\/1"}],"replies":[{"embeddable":true,"href":"https:\/\/domainedebesse.fr\/index.php\/wp-json\/wp\/v2\/comments?post=184"}],"version-history":[{"count":2,"href":"https:\/\/domainedebesse.fr\/index.php\/wp-json\/wp\/v2\/pages\/184\/revisions"}],"predecessor-version":[{"id":201,"href":"https:\/\/domainedebesse.fr\/index.php\/wp-json\/wp\/v2\/pages\/184\/revisions\/201"}],"wp:attachment":[{"href":"https:\/\/domainedebesse.fr\/index.php\/wp-json\/wp\/v2\/media?parent=184"}],"curies":[{"name":"wp","href":"https:\/\/api.w.org\/{rel}","templated":true}]}}