{"id":202,"date":"2017-07-19T16:58:11","date_gmt":"2017-07-19T14:58:11","guid":{"rendered":"http:\/\/domainedebesse.fr\/?page_id=202"},"modified":"2021-11-15T16:24:13","modified_gmt":"2021-11-15T14:24:13","slug":"les-vendanges-2","status":"publish","type":"page","link":"https:\/\/domainedebesse.fr\/index.php\/les-vendanges-2\/","title":{"rendered":"Les vendanges o\u00f9 la convivialit\u00e9  partag\u00e9e"},"content":{"rendered":"<p>Par Val\u00e9rie Pons Dunom<\/p>\n<p>Lors de la mise en route de notre projet, il nous est apparu naturel de vendanger \u00e0 la main, en caissettes afin de pr\u00e9server au mieux le fruit du travail de notre vigne. Cette vendange manuelle devait \u00eatre faite lors des premi\u00e8res heures de la journ\u00e9e afin de pr\u00e9server la fra\u00eecheur du raisin. Cette partie du travail devra se faire en famille avec quelques amis fid\u00e8les et quelques personnes curieuses de conna\u00eetre la m\u00e9thode de fabrication du vin. Chez nous, si l&rsquo;on est pr\u00e9sent pour les vendanges, on d\u00e9jeune \u00e0 la vigne et on mange sur la terrasse pendant que le travail de cave se fait. On peut ainsi conserver une certaine convivialit\u00e9 et transformer ce moment en moment de f\u00eate.<\/p>\n","protected":false},"excerpt":{"rendered":"<p>Par Val\u00e9rie Pons Dunom Lors de la mise en route de notre projet, il nous est apparu naturel de vendanger \u00e0 la main, en caissettes afin de pr\u00e9server au mieux le fruit du travail de notre vigne. Cette vendange manuelle devait \u00eatre faite lors des premi\u00e8res heures de la journ\u00e9e afin de pr\u00e9server la fra\u00eecheur &hellip; <\/p>\n<p class=\"link-more\"><a href=\"https:\/\/domainedebesse.fr\/index.php\/les-vendanges-2\/\" class=\"more-link\">Continuer la lecture<span class=\"screen-reader-text\"> de &laquo;&nbsp;Les vendanges o\u00f9 la convivialit\u00e9  partag\u00e9e&nbsp;&raquo;<\/span><\/a><\/p>\n","protected":false},"author":1,"featured_media":148,"parent":0,"menu_order":0,"comment_status":"closed","ping_status":"closed","template":"","meta":{"_monsterinsights_skip_tracking":false,"_monsterinsights_sitenote_active":false,"_monsterinsights_sitenote_note":"","_monsterinsights_sitenote_category":0},"yoast_head":"<!-- This site is optimized with the Yoast SEO plugin v21.1 - https:\/\/yoast.com\/wordpress\/plugins\/seo\/ -->\n<title>Les vendanges o\u00f9 la convivialit\u00e9 partag\u00e9e - DOMAINE DE BESSE<\/title>\n<meta name=\"description\" content=\"Les vendanges sont un moment de partage et de convivialit\u00e9 en famille avec nos amis,malgr\u00e9 l&#039;effort fourni reste une f\u00eate.\" \/>\n<meta name=\"robots\" content=\"index, follow, max-snippet:-1, max-image-preview:large, max-video-preview:-1\" \/>\n<link rel=\"canonical\" href=\"https:\/\/domainedebesse.fr\/index.php\/les-vendanges-2\/\" \/>\n<meta property=\"og:locale\" content=\"fr_FR\" \/>\n<meta property=\"og:type\" content=\"article\" \/>\n<meta property=\"og:title\" content=\"Les vendanges o\u00f9 la convivialit\u00e9 partag\u00e9e - DOMAINE DE BESSE\" \/>\n<meta property=\"og:description\" content=\"Les vendanges sont un moment de partage et de convivialit\u00e9 en famille avec nos amis,malgr\u00e9 l&#039;effort fourni reste une f\u00eate.\" \/>\n<meta property=\"og:url\" content=\"https:\/\/domainedebesse.fr\/index.php\/les-vendanges-2\/\" \/>\n<meta property=\"og:site_name\" content=\"DOMAINE DE BESSE\" \/>\n<meta property=\"article:modified_time\" content=\"2021-11-15T14:24:13+00:00\" \/>\n<meta property=\"og:image\" content=\"https:\/\/domainedebesse.fr\/wp-content\/uploads\/2016\/09\/WP_20160828_07_38_55_Pro-e1472728804849-scaled.jpg\" \/>\n\t<meta property=\"og:image:width\" content=\"2560\" \/>\n\t<meta property=\"og:image:height\" content=\"1001\" \/>\n\t<meta property=\"og:image:type\" content=\"image\/jpeg\" \/>\n<meta name=\"twitter:card\" content=\"summary_large_image\" \/>\n<meta name=\"twitter:label1\" content=\"Dur\u00e9e de lecture estim\u00e9e\" \/>\n\t<meta name=\"twitter:data1\" content=\"1 minute\" \/>\n<script type=\"application\/ld+json\" class=\"yoast-schema-graph\">{\"@context\":\"https:\/\/schema.org\",\"@graph\":[{\"@type\":\"WebPage\",\"@id\":\"https:\/\/domainedebesse.fr\/index.php\/les-vendanges-2\/\",\"url\":\"https:\/\/domainedebesse.fr\/index.php\/les-vendanges-2\/\",\"name\":\"Les vendanges o\u00f9 la convivialit\u00e9 partag\u00e9e - DOMAINE DE BESSE\",\"isPartOf\":{\"@id\":\"https:\/\/domainedebesse.fr\/#website\"},\"datePublished\":\"2017-07-19T14:58:11+00:00\",\"dateModified\":\"2021-11-15T14:24:13+00:00\",\"description\":\"Les vendanges sont un moment de partage et de convivialit\u00e9 en famille avec nos amis,malgr\u00e9 l'effort fourni reste une f\u00eate.\",\"breadcrumb\":{\"@id\":\"https:\/\/domainedebesse.fr\/index.php\/les-vendanges-2\/#breadcrumb\"},\"inLanguage\":\"fr-FR\",\"potentialAction\":[{\"@type\":\"ReadAction\",\"target\":[\"https:\/\/domainedebesse.fr\/index.php\/les-vendanges-2\/\"]}]},{\"@type\":\"BreadcrumbList\",\"@id\":\"https:\/\/domainedebesse.fr\/index.php\/les-vendanges-2\/#breadcrumb\",\"itemListElement\":[{\"@type\":\"ListItem\",\"position\":1,\"name\":\"Accueil\",\"item\":\"https:\/\/domainedebesse.fr\/\"},{\"@type\":\"ListItem\",\"position\":2,\"name\":\"Les vendanges o\u00f9 la convivialit\u00e9 partag\u00e9e\"}]},{\"@type\":\"WebSite\",\"@id\":\"https:\/\/domainedebesse.fr\/#website\",\"url\":\"https:\/\/domainedebesse.fr\/\",\"name\":\"DOMAINE DE BESSE\",\"description\":\"Une histoire de famille et d&#039;amiti\u00e9s\",\"potentialAction\":[{\"@type\":\"SearchAction\",\"target\":{\"@type\":\"EntryPoint\",\"urlTemplate\":\"https:\/\/domainedebesse.fr\/?s={search_term_string}\"},\"query-input\":\"required name=search_term_string\"}],\"inLanguage\":\"fr-FR\"}]}<\/script>\n<!-- \/ Yoast SEO plugin. -->","yoast_head_json":{"title":"Les vendanges o\u00f9 la convivialit\u00e9 partag\u00e9e - DOMAINE DE BESSE","description":"Les vendanges sont un moment de partage et de convivialit\u00e9 en famille avec nos amis,malgr\u00e9 l'effort fourni reste une f\u00eate.","robots":{"index":"index","follow":"follow","max-snippet":"max-snippet:-1","max-image-preview":"max-image-preview:large","max-video-preview":"max-video-preview:-1"},"canonical":"https:\/\/domainedebesse.fr\/index.php\/les-vendanges-2\/","og_locale":"fr_FR","og_type":"article","og_title":"Les vendanges o\u00f9 la convivialit\u00e9 partag\u00e9e - DOMAINE DE BESSE","og_description":"Les vendanges sont un moment de partage et de convivialit\u00e9 en famille avec nos amis,malgr\u00e9 l'effort fourni reste une f\u00eate.","og_url":"https:\/\/domainedebesse.fr\/index.php\/les-vendanges-2\/","og_site_name":"DOMAINE DE BESSE","article_modified_time":"2021-11-15T14:24:13+00:00","og_image":[{"width":2560,"height":1001,"url":"https:\/\/domainedebesse.fr\/wp-content\/uploads\/2016\/09\/WP_20160828_07_38_55_Pro-e1472728804849-scaled.jpg","type":"image\/jpeg"}],"twitter_card":"summary_large_image","twitter_misc":{"Dur\u00e9e de lecture estim\u00e9e":"1 minute"},"schema":{"@context":"https:\/\/schema.org","@graph":[{"@type":"WebPage","@id":"https:\/\/domainedebesse.fr\/index.php\/les-vendanges-2\/","url":"https:\/\/domainedebesse.fr\/index.php\/les-vendanges-2\/","name":"Les vendanges o\u00f9 la convivialit\u00e9 partag\u00e9e - DOMAINE DE BESSE","isPartOf":{"@id":"https:\/\/domainedebesse.fr\/#website"},"datePublished":"2017-07-19T14:58:11+00:00","dateModified":"2021-11-15T14:24:13+00:00","description":"Les vendanges sont un moment de partage et de convivialit\u00e9 en famille avec nos amis,malgr\u00e9 l'effort fourni reste une f\u00eate.","breadcrumb":{"@id":"https:\/\/domainedebesse.fr\/index.php\/les-vendanges-2\/#breadcrumb"},"inLanguage":"fr-FR","potentialAction":[{"@type":"ReadAction","target":["https:\/\/domainedebesse.fr\/index.php\/les-vendanges-2\/"]}]},{"@type":"BreadcrumbList","@id":"https:\/\/domainedebesse.fr\/index.php\/les-vendanges-2\/#breadcrumb","itemListElement":[{"@type":"ListItem","position":1,"name":"Accueil","item":"https:\/\/domainedebesse.fr\/"},{"@type":"ListItem","position":2,"name":"Les vendanges o\u00f9 la convivialit\u00e9 partag\u00e9e"}]},{"@type":"WebSite","@id":"https:\/\/domainedebesse.fr\/#website","url":"https:\/\/domainedebesse.fr\/","name":"DOMAINE DE BESSE","description":"Une histoire de famille et d&#039;amiti\u00e9s","potentialAction":[{"@type":"SearchAction","target":{"@type":"EntryPoint","urlTemplate":"https:\/\/domainedebesse.fr\/?s={search_term_string}"},"query-input":"required name=search_term_string"}],"inLanguage":"fr-FR"}]}},"_links":{"self":[{"href":"https:\/\/domainedebesse.fr\/index.php\/wp-json\/wp\/v2\/pages\/202"}],"collection":[{"href":"https:\/\/domainedebesse.fr\/index.php\/wp-json\/wp\/v2\/pages"}],"about":[{"href":"https:\/\/domainedebesse.fr\/index.php\/wp-json\/wp\/v2\/types\/page"}],"author":[{"embeddable":true,"href":"https:\/\/domainedebesse.fr\/index.php\/wp-json\/wp\/v2\/users\/1"}],"replies":[{"embeddable":true,"href":"https:\/\/domainedebesse.fr\/index.php\/wp-json\/wp\/v2\/comments?post=202"}],"version-history":[{"count":6,"href":"https:\/\/domainedebesse.fr\/index.php\/wp-json\/wp\/v2\/pages\/202\/revisions"}],"predecessor-version":[{"id":643,"href":"https:\/\/domainedebesse.fr\/index.php\/wp-json\/wp\/v2\/pages\/202\/revisions\/643"}],"wp:featuredmedia":[{"embeddable":true,"href":"https:\/\/domainedebesse.fr\/index.php\/wp-json\/wp\/v2\/media\/148"}],"wp:attachment":[{"href":"https:\/\/domainedebesse.fr\/index.php\/wp-json\/wp\/v2\/media?parent=202"}],"curies":[{"name":"wp","href":"https:\/\/api.w.org\/{rel}","templated":true}]}}