{"id":23,"date":"2016-03-15T13:26:12","date_gmt":"2016-03-15T12:26:12","guid":{"rendered":"http:\/\/domainedebesse.fr\/?page_id=23"},"modified":"2025-06-19T09:00:40","modified_gmt":"2025-06-19T07:00:40","slug":"les-differentes-cuvees","status":"publish","type":"page","link":"https:\/\/domainedebesse.fr\/index.php\/les-differentes-cuvees\/","title":{"rendered":"Une belle palette pour les amatrices et amateurs"},"content":{"rendered":"<p>Par Val\u00e9rie Pons Dunom<\/p>\n<p>Une panoplie de vins o\u00f9 tout le monde devrait trouver son bonheur&#8230;<\/p>\n<p><strong>BLANC L&rsquo;AMOUR GUETTE <\/strong><strong>2024 Bio <\/strong>: Un 100% sauvignon &#8211; Les vendanges sont manuelles &#8211;\u00a0 L&rsquo;\u00e9levage est long et s&rsquo;effectue en cuve inox &#8211;\u00a0 Obtient sa certification en Agriculture Biologique en 2020.<\/p>\n<p>Sa robe est brillante, lumineuse avec des reflets argent\u00e9s. Son nez a des ar\u00f4mes d\u2019agrumes de citrons confits et\u00a0 de zeste de citron, bourgeon de cassis. En bouche, l&rsquo;attaque est franche, rondeur et finesse avec une belle longueur,<\/p>\n<p>On retrouve la fraicheur des agrumes, et le zeste,<\/p>\n<p><strong>ROS\u00c9 LE BROUET 2024 Bio : <\/strong>50% Cinsault, 50% Syrah &#8211; Les vendanges sont manuelles &#8211; l&rsquo;\u00e9levage s&rsquo;effectue en cuve inox &#8211; Obtient sa certification en Agriculture Biologique en\u00a02020.<\/p>\n<p>Sa robe est pale \u0153il de perdrix avec des reflets violines. Son nez a des ar\u00f4mes de fruits rouges, fraise des bois, un peu lact\u00e9. En bouche fraicheur et finesse, milieu de bouche tr\u00e8s rond et l\u00e9ger.<\/p>\n<p><strong>ROUGE CHAMP DE JACQUES 2024 Bio :<\/strong> 20% grenache 80% carignan &#8211; Les vendanges sont manuelles\u00a0 &#8211; Processus de vinification en mac\u00e9ration carbonique &#8211; l&rsquo;\u00e9levage s&rsquo;effectue en cuve inox &#8211; obtient sa certification en Agriculture Biologique en 2024.<\/p>\n<p>Sa robe est pourpre, l\u00e9g\u00e8rement transparence avec des reflets fuchsias. Nez de fruits rouges \u00e9cras\u00e9s, cassis pr\u00e9dominant fraises des bois assez intense, avec une belle complexit\u00e9 aromatique. En bouche sa structure est souple, des tanins pr\u00e9sents mais en souplesse. Vin tr\u00e8s fruit\u00e9.<\/p>\n<p><strong>ROUGE ALLEGRIA <\/strong><strong>2022 <\/strong>: 100% Carignan &#8211; Les vendanges sont manuelles &#8211; Processus de vinification en mac\u00e9ration carbonique, sans filtration &#8211; l&rsquo;\u00e9levage s&rsquo;effectue en cuve inox..<\/p>\n<p>une belle robe d&rsquo;un rouge profond, un nez fruits rouges avec une note de cerise, bouche d\u00e9licate, tanins serr\u00e9s, poudreux en finale, belle longueur<\/p>\n<p><strong>ROUGE BG <\/strong><strong>2020 Bio <\/strong>: 50% syrah, 50% grenache &#8211; Les vendanges sont manuelles &#8211; Processus de vinification assemblage du mo\u00fbt de syrah et de grenache \u00e0 mi fermentation pour garder le cot\u00e9 fruit\u00e9 de nos raisins &#8211; l&rsquo;\u00e9levage s&rsquo;effectue en cuve inox &#8211; sans filtration &#8211; obtient sa certification en Agriculture Biologique en 2020<\/p>\n<p>une belle robe rouge sombre, reflets violines, nez cerise \u00e0 l\u2019alcool, en bouche doux et lact\u00e9, tanins tr\u00e8s doux, structure tr\u00e8s souple, peut \u00eatre consomm\u00e9 frais<\/p>\n<p><strong>ROUGE LES PRADES 2018 &#8211; 2019<\/strong>\u00a0&#8211;\u00a0<strong>2020 Bio <\/strong>: 75%grenache, 25% grenache syrah &#8211; Les vendanges sont manuelles &#8211; l&rsquo;\u00e9levage s&rsquo;effectue en cuve inox &#8211; sans filtration &#8211; obtient sa certification en Agriculture Biologique en 2020<\/p>\n<p style=\"padding-left: 40px;\">2018 &#8211; 2019 : Nez cerise tr\u00e8s intense &#8211; Tr\u00e8s rond et tr\u00e8s gras en bouche, structure pr\u00e9sente avec des tanins m\u00fbrs<\/p>\n<p style=\"padding-left: 40px;\">2020 : Couleur rose sombre typicit\u00e9 du grenache, reflets profonds argent\u00e9s, nez cerises tr\u00e8s m\u00fbres, Zan, r\u00e9glisse, en bouche on retrouve la cerise m\u00fbre, le Zan, et un c\u00f4t\u00e9 \u00e9pic\u00e9 et poivr\u00e9 &#8211; structure bien marqu\u00e9e<\/p>\n<p><strong>ROUGE LES POUSSES &#8211;<\/strong>\u00a0<strong>2020 Bio <\/strong>: 65% syrah, 35% grenache &#8211; Les vendanges sont manuelles &#8211; l&rsquo;\u00e9levage s&rsquo;effectue en cuve inox &#8211; sans filtrage &#8211; obtient sa certification en agriculture Biologique en 2020.<\/p>\n<p>Robe belle intensit\u00e9, rouge tr\u00e8s lumineux, nez fruits rouges confits, avec une note de cerise, en bouche d\u00e9licat, tanins serr\u00e9s, poudreux en finale, belle longueur<\/p>\n<p><strong>ROUGE DEDICACE 2020 <\/strong>: Dominance syrah avec du grenache &#8211; Les vendanges sont\u00a0 manuelles &#8211; notre vin est avant tout une aventure que nous avons d\u00e9cid\u00e9 de mener en couple et \u00e0 laquelle participe toute notre famille et beaucoup de nos amis. Cette cuv\u00e9e leur est d\u00e9dicac\u00e9e. Elevage long en cuve inox puis en f\u00fbt de ch\u00eane.<\/p>\n<p>Robe noire profonde, nez fruits rouges m\u00fbrs, aromes tertiaire tabac brun, cuir &#8211; en bouche, tr\u00e8s tanique avec une belle structure, reste souple malgr\u00e9 tout en finale, bel \u00e9quilibre beaucoup de fra\u00eecheur vin avec bon potentiel de garde<\/p>\n","protected":false},"excerpt":{"rendered":"<p>Par Val\u00e9rie Pons Dunom Une panoplie de vins o\u00f9 tout le monde devrait trouver son bonheur&#8230; BLANC L&rsquo;AMOUR GUETTE 2024 Bio : Un 100% sauvignon &#8211; Les vendanges sont manuelles &#8211;\u00a0 L&rsquo;\u00e9levage est long et s&rsquo;effectue en cuve inox &#8211;\u00a0 Obtient sa certification en Agriculture Biologique en 2020. Sa robe est brillante, lumineuse avec des &hellip; <\/p>\n<p class=\"link-more\"><a href=\"https:\/\/domainedebesse.fr\/index.php\/les-differentes-cuvees\/\" class=\"more-link\">Continuer la lecture<span class=\"screen-reader-text\"> de &laquo;&nbsp;Une belle palette pour les amatrices et amateurs&nbsp;&raquo;<\/span><\/a><\/p>\n","protected":false},"author":1,"featured_media":0,"parent":0,"menu_order":0,"comment_status":"closed","ping_status":"closed","template":"","meta":{"_monsterinsights_skip_tracking":false,"_monsterinsights_sitenote_active":false,"_monsterinsights_sitenote_note":"","_monsterinsights_sitenote_category":0},"yoast_head":"<!-- This site is optimized with the Yoast SEO plugin v21.1 - https:\/\/yoast.com\/wordpress\/plugins\/seo\/ -->\n<title>Une belle palette pour les amatrices et amateurs - DOMAINE DE BESSE<\/title>\n<meta name=\"robots\" content=\"index, follow, max-snippet:-1, max-image-preview:large, max-video-preview:-1\" \/>\n<link rel=\"canonical\" href=\"https:\/\/domainedebesse.fr\/index.php\/les-differentes-cuvees\/\" \/>\n<meta property=\"og:locale\" content=\"fr_FR\" \/>\n<meta property=\"og:type\" content=\"article\" \/>\n<meta property=\"og:title\" content=\"Une belle palette pour les amatrices et amateurs - DOMAINE DE BESSE\" \/>\n<meta property=\"og:description\" content=\"Par Val\u00e9rie Pons Dunom Une panoplie de vins o\u00f9 tout le monde devrait trouver son bonheur&#8230; BLANC L&rsquo;AMOUR GUETTE 2024 Bio : Un 100% sauvignon &#8211; Les vendanges sont manuelles &#8211;\u00a0 L&rsquo;\u00e9levage est long et s&rsquo;effectue en cuve inox &#8211;\u00a0 Obtient sa certification en Agriculture Biologique en 2020. Sa robe est brillante, lumineuse avec des &hellip; Continuer la lecture de &laquo;&nbsp;Une belle palette pour les amatrices et amateurs&nbsp;&raquo;\" \/>\n<meta property=\"og:url\" content=\"https:\/\/domainedebesse.fr\/index.php\/les-differentes-cuvees\/\" \/>\n<meta property=\"og:site_name\" content=\"DOMAINE DE BESSE\" \/>\n<meta property=\"article:modified_time\" content=\"2025-06-19T07:00:40+00:00\" \/>\n<meta name=\"twitter:card\" content=\"summary_large_image\" \/>\n<meta name=\"twitter:label1\" content=\"Dur\u00e9e de lecture estim\u00e9e\" \/>\n\t<meta name=\"twitter:data1\" content=\"3 minutes\" \/>\n<script type=\"application\/ld+json\" class=\"yoast-schema-graph\">{\"@context\":\"https:\/\/schema.org\",\"@graph\":[{\"@type\":\"WebPage\",\"@id\":\"https:\/\/domainedebesse.fr\/index.php\/les-differentes-cuvees\/\",\"url\":\"https:\/\/domainedebesse.fr\/index.php\/les-differentes-cuvees\/\",\"name\":\"Une belle palette pour les amatrices et amateurs - DOMAINE DE BESSE\",\"isPartOf\":{\"@id\":\"https:\/\/domainedebesse.fr\/#website\"},\"datePublished\":\"2016-03-15T12:26:12+00:00\",\"dateModified\":\"2025-06-19T07:00:40+00:00\",\"breadcrumb\":{\"@id\":\"https:\/\/domainedebesse.fr\/index.php\/les-differentes-cuvees\/#breadcrumb\"},\"inLanguage\":\"fr-FR\",\"potentialAction\":[{\"@type\":\"ReadAction\",\"target\":[\"https:\/\/domainedebesse.fr\/index.php\/les-differentes-cuvees\/\"]}]},{\"@type\":\"BreadcrumbList\",\"@id\":\"https:\/\/domainedebesse.fr\/index.php\/les-differentes-cuvees\/#breadcrumb\",\"itemListElement\":[{\"@type\":\"ListItem\",\"position\":1,\"name\":\"Accueil\",\"item\":\"https:\/\/domainedebesse.fr\/\"},{\"@type\":\"ListItem\",\"position\":2,\"name\":\"Une belle palette pour les amatrices et amateurs\"}]},{\"@type\":\"WebSite\",\"@id\":\"https:\/\/domainedebesse.fr\/#website\",\"url\":\"https:\/\/domainedebesse.fr\/\",\"name\":\"DOMAINE DE BESSE\",\"description\":\"Une histoire de famille et d&#039;amiti\u00e9s\",\"potentialAction\":[{\"@type\":\"SearchAction\",\"target\":{\"@type\":\"EntryPoint\",\"urlTemplate\":\"https:\/\/domainedebesse.fr\/?s={search_term_string}\"},\"query-input\":\"required name=search_term_string\"}],\"inLanguage\":\"fr-FR\"}]}<\/script>\n<!-- \/ Yoast SEO plugin. -->","yoast_head_json":{"title":"Une belle palette pour les amatrices et amateurs - DOMAINE DE BESSE","robots":{"index":"index","follow":"follow","max-snippet":"max-snippet:-1","max-image-preview":"max-image-preview:large","max-video-preview":"max-video-preview:-1"},"canonical":"https:\/\/domainedebesse.fr\/index.php\/les-differentes-cuvees\/","og_locale":"fr_FR","og_type":"article","og_title":"Une belle palette pour les amatrices et amateurs - DOMAINE DE BESSE","og_description":"Par Val\u00e9rie Pons Dunom Une panoplie de vins o\u00f9 tout le monde devrait trouver son bonheur&#8230; BLANC L&rsquo;AMOUR GUETTE 2024 Bio : Un 100% sauvignon &#8211; Les vendanges sont manuelles &#8211;\u00a0 L&rsquo;\u00e9levage est long et s&rsquo;effectue en cuve inox &#8211;\u00a0 Obtient sa certification en Agriculture Biologique en 2020. Sa robe est brillante, lumineuse avec des &hellip; Continuer la lecture de &laquo;&nbsp;Une belle palette pour les amatrices et amateurs&nbsp;&raquo;","og_url":"https:\/\/domainedebesse.fr\/index.php\/les-differentes-cuvees\/","og_site_name":"DOMAINE DE BESSE","article_modified_time":"2025-06-19T07:00:40+00:00","twitter_card":"summary_large_image","twitter_misc":{"Dur\u00e9e de lecture estim\u00e9e":"3 minutes"},"schema":{"@context":"https:\/\/schema.org","@graph":[{"@type":"WebPage","@id":"https:\/\/domainedebesse.fr\/index.php\/les-differentes-cuvees\/","url":"https:\/\/domainedebesse.fr\/index.php\/les-differentes-cuvees\/","name":"Une belle palette pour les amatrices et amateurs - DOMAINE DE BESSE","isPartOf":{"@id":"https:\/\/domainedebesse.fr\/#website"},"datePublished":"2016-03-15T12:26:12+00:00","dateModified":"2025-06-19T07:00:40+00:00","breadcrumb":{"@id":"https:\/\/domainedebesse.fr\/index.php\/les-differentes-cuvees\/#breadcrumb"},"inLanguage":"fr-FR","potentialAction":[{"@type":"ReadAction","target":["https:\/\/domainedebesse.fr\/index.php\/les-differentes-cuvees\/"]}]},{"@type":"BreadcrumbList","@id":"https:\/\/domainedebesse.fr\/index.php\/les-differentes-cuvees\/#breadcrumb","itemListElement":[{"@type":"ListItem","position":1,"name":"Accueil","item":"https:\/\/domainedebesse.fr\/"},{"@type":"ListItem","position":2,"name":"Une belle palette pour les amatrices et amateurs"}]},{"@type":"WebSite","@id":"https:\/\/domainedebesse.fr\/#website","url":"https:\/\/domainedebesse.fr\/","name":"DOMAINE DE BESSE","description":"Une histoire de famille et d&#039;amiti\u00e9s","potentialAction":[{"@type":"SearchAction","target":{"@type":"EntryPoint","urlTemplate":"https:\/\/domainedebesse.fr\/?s={search_term_string}"},"query-input":"required name=search_term_string"}],"inLanguage":"fr-FR"}]}},"_links":{"self":[{"href":"https:\/\/domainedebesse.fr\/index.php\/wp-json\/wp\/v2\/pages\/23"}],"collection":[{"href":"https:\/\/domainedebesse.fr\/index.php\/wp-json\/wp\/v2\/pages"}],"about":[{"href":"https:\/\/domainedebesse.fr\/index.php\/wp-json\/wp\/v2\/types\/page"}],"author":[{"embeddable":true,"href":"https:\/\/domainedebesse.fr\/index.php\/wp-json\/wp\/v2\/users\/1"}],"replies":[{"embeddable":true,"href":"https:\/\/domainedebesse.fr\/index.php\/wp-json\/wp\/v2\/comments?post=23"}],"version-history":[{"count":60,"href":"https:\/\/domainedebesse.fr\/index.php\/wp-json\/wp\/v2\/pages\/23\/revisions"}],"predecessor-version":[{"id":942,"href":"https:\/\/domainedebesse.fr\/index.php\/wp-json\/wp\/v2\/pages\/23\/revisions\/942"}],"wp:attachment":[{"href":"https:\/\/domainedebesse.fr\/index.php\/wp-json\/wp\/v2\/media?parent=23"}],"curies":[{"name":"wp","href":"https:\/\/api.w.org\/{rel}","templated":true}]}}