{"id":726,"date":"2022-02-24T13:23:51","date_gmt":"2022-02-24T11:23:51","guid":{"rendered":"https:\/\/domainedebesse.fr\/?page_id=726"},"modified":"2022-02-24T14:13:11","modified_gmt":"2022-02-24T12:13:11","slug":"mentions-legales","status":"publish","type":"page","link":"https:\/\/domainedebesse.fr\/index.php\/mentions-legales\/","title":{"rendered":"MENTIONS LEGALES"},"content":{"rendered":"<h2 id=\"editeur\">EDITEUR :<\/h2>\n<p><strong>Domaine de Besse<\/strong><br \/>\n18 Hameau de Besse<br \/>\n34230 Saint Pargoire<br \/>\n<strong>SIRET : 429 885 296 000 <\/strong>39<\/p>\n<p>T\u00e9l :\u00a006 87 12 11 56<\/p>\n<h2 id=\"1-preambule\">1. PR\u00c9AMBULE<\/h2>\n<p>Les pr\u00e9sentes mentions l\u00e9gales ont pour objet de d\u00e9finir les modalit\u00e9s dans lesquelles le Domaine de Besse met \u00e0 la disposition de ses utilisateurs le site, et les services disponibles sur le site et d\u2019autre part, la mani\u00e8re par laquelle l\u2019utilisateur acc\u00e8de au site et utilise ses services.<br \/>\nToute connexion au site est subordonn\u00e9e au respect des pr\u00e9sentes conditions.<br \/>\nPour l\u2019utilisateur, le simple acc\u00e8s au site du Domaine de Besse \u00e0 l\u2019adresse URL suivante www.domainedebesse.fr implique l\u2019acceptation de l\u2019ensemble des conditions d\u00e9crites ci-apr\u00e8s.<\/p>\n<h2 id=\"2-propriete-intellectuelle\">2. PROPRI\u00c9T\u00c9 INTELLECTUELLE<\/h2>\n<p>La structure g\u00e9n\u00e9rale du site www.domainedebesse.fr ainsi que les textes, graphiques, images, la composant, sont la propri\u00e9t\u00e9 du Domaine de Besse. Toute repr\u00e9sentation, reproduction, ou exploitation partielle ou totale des contenus et des services propos\u00e9s par le site www.domainedebesse.fr, par quelque proc\u00e9d\u00e9 que ce soit, sans l\u2019autorisation expresse et \u00e9crite au pr\u00e9alable par le Domaine de Besse est strictement interdite et sera susceptible de constituer une contrefa\u00e7on au sens des articles L 335-2 et suivants du Code de la propri\u00e9t\u00e9 intellectuelle.<\/p>\n<h2 id=\"3-liens-hypertextes\">3. LIENS HYPERTEXTES<\/h2>\n<p>Le site www.domainedebesse.fr peut contenir des liens hypertextes vers d\u2019autres sites web \u00e9dit\u00e9s par des tiers. Les liens vers ces autres ressources vous font quitter le site www.domainedebesse.fr. Dans la mesure o\u00f9 aucun contr\u00f4le n\u2019est effectu\u00e9 sur ces ressources externes, le Domaine de Besse n\u2019est en aucun cas responsable de leur contenu.<\/p>\n<h2 id=\"4-responsabilite-du-domaine-de-besse\">4. RESPONSABILIT\u00c9 DU DOMAINE DE BESSE<\/h2>\n<p>Les informations et\/ou documents figurant sur ce site et\/ou accessibles par ce site proviennent de sources consid\u00e9r\u00e9es comme \u00e9tant fiables. Toutefois, ces informations et\/ou documents sont susceptibles de contenir des inexactitudes techniques et des erreurs typographiques. Le Domaine de Besse se r\u00e9serve le droit de les corriger, d\u00e8s que ces erreurs sont port\u00e9es \u00e0 sa connaissance.<\/p>\n<p>Il est recommand\u00e9 de v\u00e9rifier l\u2019exactitude des informations et\/ou documents mis \u00e0 disposition sur ce site.<br \/>\nLes informations et\/ou documents disponibles sur ce site sont susceptibles d\u2019\u00eatre modifi\u00e9s \u00e0 tout moment. En particulier, ils peuvent avoir fait l\u2019objet d\u2019une mise \u00e0 jour entre le moment de leur t\u00e9l\u00e9chargement et celui o\u00f9 l\u2019utilisateur en prend connaissance.<br \/>\nL\u2019utilisation des informations et\/ou documents disponibles sur ce site se fait sous l\u2019enti\u00e8re et seule responsabilit\u00e9 de l\u2019utilisateur, qui assume la totalit\u00e9 des cons\u00e9quences pouvant en d\u00e9couler, sans que le Domaine de Besse puisse \u00eatre recherch\u00e9 \u00e0 ce titre, et sans recours contre ce dernier.<br \/>\nLe Domaine de Besse n\u2019est en aucun cas responsable de tout dommage de quelque nature qu\u2019il soit r\u00e9sultant de l\u2019interpr\u00e9tation ou de l\u2019utilisation des informations et\/ou documents disponibles sur ce site.<\/p>\n<h2 id=\"5-acces-au-site\">5. ACC\u00c8S AU SITE<\/h2>\n<p>Le Domaine de Besse s\u2019efforce de permettre l\u2019acc\u00e8s au site 24 heures sur 24, 7 jours sur 7, sauf en cas de force majeure ou de faits ind\u00e9pendants de sa volont\u00e9, et sous r\u00e9serve d\u2019hypoth\u00e9tiques pannes et interventions de maintenance n\u00e9cessaires au bon fonctionnement du site et des services.<br \/>\nPar cons\u00e9quent, le Domaine de Besse ne peut garantir une disponibilit\u00e9 du site et\/ou des services, une fiabilit\u00e9 des transmissions et des performances en terme de temps de r\u00e9ponse ou de qualit\u00e9.\u00a0L\u2019utilisateur reconna\u00eet et accepte que le Domaine de Besse ne soit pas responsable des interruptions, et des cons\u00e9quences qui peuvent en d\u00e9couler pour l\u2019utilisateur ou tout tiers<\/p>\n<h2 id=\"6-droit-applicable\">6. DROIT APPLICABLE<\/h2>\n<p>Le pr\u00e9sent site ainsi que ses conditions d\u2019utilisation sont r\u00e9gis par le droit fran\u00e7ais, quel que soit le lieu d\u2019utilisation. Toute contestation non r\u00e9solue \u00e0 l\u2019amiable entre les parties sera soumise aux tribunaux fran\u00e7ais qui seront seuls comp\u00e9tents pour conna\u00eetre de ce litige.<\/p>\n<h2 id=\"7-c-n-i-l-droit-d-acces-au-fichier\">7. C.N.I.L. DROIT D\u2019ACC\u00c8S AU FICHIER<\/h2>\n<p>Conform\u00e9ment aux dispositions de la Loi n\u00b0 78-17 du 6 janvier 1978, le site www.domainedebesse.fr\u00a0a fait l\u2019objet d\u2019une d\u00e9claration aupr\u00e8s de la Commission Nationale de l\u2019Informatique et des Libert\u00e9s. En application de la loi Informatique et Libert\u00e9, les informations qui vous sont demand\u00e9es sont indispensables au traitement de votre commande et sont destin\u00e9es aux services du Domaine de Besse.<\/p>\n<p>Vous disposez d\u2019un droit d\u2019acc\u00e8s, de modification, de suppression et de rectification relatifs \u00e0 vos donn\u00e9es personnelles. Vous pouvez \u00eatre amen\u00e9s \u00e0 recevoir des propositions de notre soci\u00e9t\u00e9. Si vous ne le souhaitez pas, il vous suffit de nous \u00e9crire en nous indiquant vos noms, pr\u00e9noms, adresse et \u00e9ventuellement num\u00e9ro de client.<\/p>\n<h2 id=\"8-abus-d-alcool\">8. ABUS D\u2019ALCOOL<\/h2>\n<p>L\u2019Abus d\u2019alcool est dangereux pour la sant\u00e9, \u00e0 consommer avec mod\u00e9ration.<\/p>\n","protected":false},"excerpt":{"rendered":"<p>EDITEUR : Domaine de Besse 18 Hameau de Besse 34230 Saint Pargoire SIRET : 429 885 296 000 39 T\u00e9l :\u00a006 87 12 11 56 1. PR\u00c9AMBULE Les pr\u00e9sentes mentions l\u00e9gales ont pour objet de d\u00e9finir les modalit\u00e9s dans lesquelles le Domaine de Besse met \u00e0 la disposition de ses utilisateurs le site, et les &hellip; <\/p>\n<p class=\"link-more\"><a href=\"https:\/\/domainedebesse.fr\/index.php\/mentions-legales\/\" class=\"more-link\">Continuer la lecture<span class=\"screen-reader-text\"> de &laquo;&nbsp;MENTIONS LEGALES&nbsp;&raquo;<\/span><\/a><\/p>\n","protected":false},"author":2,"featured_media":0,"parent":0,"menu_order":0,"comment_status":"closed","ping_status":"closed","template":"","meta":{"_monsterinsights_skip_tracking":false,"_monsterinsights_sitenote_active":false,"_monsterinsights_sitenote_note":"","_monsterinsights_sitenote_category":0},"yoast_head":"<!-- This site is optimized with the Yoast SEO plugin v21.1 - https:\/\/yoast.com\/wordpress\/plugins\/seo\/ -->\n<title>MENTIONS LEGALES - DOMAINE DE BESSE<\/title>\n<meta name=\"robots\" content=\"index, follow, max-snippet:-1, max-image-preview:large, max-video-preview:-1\" \/>\n<link rel=\"canonical\" href=\"https:\/\/domainedebesse.fr\/index.php\/mentions-legales\/\" \/>\n<meta property=\"og:locale\" content=\"fr_FR\" \/>\n<meta property=\"og:type\" content=\"article\" \/>\n<meta property=\"og:title\" content=\"MENTIONS LEGALES - DOMAINE DE BESSE\" \/>\n<meta property=\"og:description\" content=\"EDITEUR : Domaine de Besse 18 Hameau de Besse 34230 Saint Pargoire SIRET : 429 885 296 000 39 T\u00e9l :\u00a006 87 12 11 56 1. PR\u00c9AMBULE Les pr\u00e9sentes mentions l\u00e9gales ont pour objet de d\u00e9finir les modalit\u00e9s dans lesquelles le Domaine de Besse met \u00e0 la disposition de ses utilisateurs le site, et les &hellip; Continuer la lecture de &laquo;&nbsp;MENTIONS LEGALES&nbsp;&raquo;\" \/>\n<meta property=\"og:url\" content=\"https:\/\/domainedebesse.fr\/index.php\/mentions-legales\/\" \/>\n<meta property=\"og:site_name\" content=\"DOMAINE DE BESSE\" \/>\n<meta property=\"article:modified_time\" content=\"2022-02-24T12:13:11+00:00\" \/>\n<meta name=\"twitter:card\" content=\"summary_large_image\" \/>\n<meta name=\"twitter:label1\" content=\"Dur\u00e9e de lecture estim\u00e9e\" \/>\n\t<meta name=\"twitter:data1\" content=\"4 minutes\" \/>\n<script type=\"application\/ld+json\" class=\"yoast-schema-graph\">{\"@context\":\"https:\/\/schema.org\",\"@graph\":[{\"@type\":\"WebPage\",\"@id\":\"https:\/\/domainedebesse.fr\/index.php\/mentions-legales\/\",\"url\":\"https:\/\/domainedebesse.fr\/index.php\/mentions-legales\/\",\"name\":\"MENTIONS LEGALES - DOMAINE DE BESSE\",\"isPartOf\":{\"@id\":\"https:\/\/domainedebesse.fr\/#website\"},\"datePublished\":\"2022-02-24T11:23:51+00:00\",\"dateModified\":\"2022-02-24T12:13:11+00:00\",\"breadcrumb\":{\"@id\":\"https:\/\/domainedebesse.fr\/index.php\/mentions-legales\/#breadcrumb\"},\"inLanguage\":\"fr-FR\",\"potentialAction\":[{\"@type\":\"ReadAction\",\"target\":[\"https:\/\/domainedebesse.fr\/index.php\/mentions-legales\/\"]}]},{\"@type\":\"BreadcrumbList\",\"@id\":\"https:\/\/domainedebesse.fr\/index.php\/mentions-legales\/#breadcrumb\",\"itemListElement\":[{\"@type\":\"ListItem\",\"position\":1,\"name\":\"Accueil\",\"item\":\"https:\/\/domainedebesse.fr\/\"},{\"@type\":\"ListItem\",\"position\":2,\"name\":\"MENTIONS LEGALES\"}]},{\"@type\":\"WebSite\",\"@id\":\"https:\/\/domainedebesse.fr\/#website\",\"url\":\"https:\/\/domainedebesse.fr\/\",\"name\":\"DOMAINE DE BESSE\",\"description\":\"Une histoire de famille et d&#039;amiti\u00e9s\",\"potentialAction\":[{\"@type\":\"SearchAction\",\"target\":{\"@type\":\"EntryPoint\",\"urlTemplate\":\"https:\/\/domainedebesse.fr\/?s={search_term_string}\"},\"query-input\":\"required name=search_term_string\"}],\"inLanguage\":\"fr-FR\"}]}<\/script>\n<!-- \/ Yoast SEO plugin. -->","yoast_head_json":{"title":"MENTIONS LEGALES - DOMAINE DE BESSE","robots":{"index":"index","follow":"follow","max-snippet":"max-snippet:-1","max-image-preview":"max-image-preview:large","max-video-preview":"max-video-preview:-1"},"canonical":"https:\/\/domainedebesse.fr\/index.php\/mentions-legales\/","og_locale":"fr_FR","og_type":"article","og_title":"MENTIONS LEGALES - DOMAINE DE BESSE","og_description":"EDITEUR : Domaine de Besse 18 Hameau de Besse 34230 Saint Pargoire SIRET : 429 885 296 000 39 T\u00e9l :\u00a006 87 12 11 56 1. PR\u00c9AMBULE Les pr\u00e9sentes mentions l\u00e9gales ont pour objet de d\u00e9finir les modalit\u00e9s dans lesquelles le Domaine de Besse met \u00e0 la disposition de ses utilisateurs le site, et les &hellip; Continuer la lecture de &laquo;&nbsp;MENTIONS LEGALES&nbsp;&raquo;","og_url":"https:\/\/domainedebesse.fr\/index.php\/mentions-legales\/","og_site_name":"DOMAINE DE BESSE","article_modified_time":"2022-02-24T12:13:11+00:00","twitter_card":"summary_large_image","twitter_misc":{"Dur\u00e9e de lecture estim\u00e9e":"4 minutes"},"schema":{"@context":"https:\/\/schema.org","@graph":[{"@type":"WebPage","@id":"https:\/\/domainedebesse.fr\/index.php\/mentions-legales\/","url":"https:\/\/domainedebesse.fr\/index.php\/mentions-legales\/","name":"MENTIONS LEGALES - DOMAINE DE BESSE","isPartOf":{"@id":"https:\/\/domainedebesse.fr\/#website"},"datePublished":"2022-02-24T11:23:51+00:00","dateModified":"2022-02-24T12:13:11+00:00","breadcrumb":{"@id":"https:\/\/domainedebesse.fr\/index.php\/mentions-legales\/#breadcrumb"},"inLanguage":"fr-FR","potentialAction":[{"@type":"ReadAction","target":["https:\/\/domainedebesse.fr\/index.php\/mentions-legales\/"]}]},{"@type":"BreadcrumbList","@id":"https:\/\/domainedebesse.fr\/index.php\/mentions-legales\/#breadcrumb","itemListElement":[{"@type":"ListItem","position":1,"name":"Accueil","item":"https:\/\/domainedebesse.fr\/"},{"@type":"ListItem","position":2,"name":"MENTIONS LEGALES"}]},{"@type":"WebSite","@id":"https:\/\/domainedebesse.fr\/#website","url":"https:\/\/domainedebesse.fr\/","name":"DOMAINE DE BESSE","description":"Une histoire de famille et d&#039;amiti\u00e9s","potentialAction":[{"@type":"SearchAction","target":{"@type":"EntryPoint","urlTemplate":"https:\/\/domainedebesse.fr\/?s={search_term_string}"},"query-input":"required name=search_term_string"}],"inLanguage":"fr-FR"}]}},"_links":{"self":[{"href":"https:\/\/domainedebesse.fr\/index.php\/wp-json\/wp\/v2\/pages\/726"}],"collection":[{"href":"https:\/\/domainedebesse.fr\/index.php\/wp-json\/wp\/v2\/pages"}],"about":[{"href":"https:\/\/domainedebesse.fr\/index.php\/wp-json\/wp\/v2\/types\/page"}],"author":[{"embeddable":true,"href":"https:\/\/domainedebesse.fr\/index.php\/wp-json\/wp\/v2\/users\/2"}],"replies":[{"embeddable":true,"href":"https:\/\/domainedebesse.fr\/index.php\/wp-json\/wp\/v2\/comments?post=726"}],"version-history":[{"count":5,"href":"https:\/\/domainedebesse.fr\/index.php\/wp-json\/wp\/v2\/pages\/726\/revisions"}],"predecessor-version":[{"id":738,"href":"https:\/\/domainedebesse.fr\/index.php\/wp-json\/wp\/v2\/pages\/726\/revisions\/738"}],"wp:attachment":[{"href":"https:\/\/domainedebesse.fr\/index.php\/wp-json\/wp\/v2\/media?parent=726"}],"curies":[{"name":"wp","href":"https:\/\/api.w.org\/{rel}","templated":true}]}}