{"id":304,"date":"2020-11-21T19:10:14","date_gmt":"2020-11-21T17:10:14","guid":{"rendered":"http:\/\/domainedebesse.fr\/?post_type=product&#038;p=304"},"modified":"2023-11-13T12:46:56","modified_gmt":"2023-11-13T10:46:56","slug":"les-prades-2018","status":"publish","type":"product","link":"https:\/\/domainedebesse.fr\/index.php\/produit\/les-prades-2018\/","title":{"rendered":"LES PRADES 2018"},"content":{"rendered":"<p>Ce vin doit son nom \u00e0 une parcelle du domaine. Un rouge avec un assemblage \u00e0 majorit\u00e9 de grenache compl\u00e9t\u00e9 par de la\u00a0 syrah \u2013 vendanges manuelles \u2013 \u00e9levage en cuve inox \u2013 pas de filtrage \u2013 Couleur rouge l\u00e9ger typicit\u00e9 du grenache<\/p>\n","protected":false},"excerpt":{"rendered":"<p>Ce vin doit son nom \u00e0 une parcelle du domaine. Un rouge avec un assemblage \u00e0 majorit\u00e9 de grenache compl\u00e9t\u00e9 par de la\u00a0 syrah \u2013 vendanges manuelles \u2013 \u00e9levage en cuve inox \u2013 pas de filtrage \u2013 Couleur rouge l\u00e9ger typicit\u00e9 du grenache<\/p>\n","protected":false},"featured_media":433,"template":"","meta":{"_monsterinsights_skip_tracking":false,"_monsterinsights_sitenote_active":false,"_monsterinsights_sitenote_note":"","_monsterinsights_sitenote_category":0},"product_cat":[26],"product_tag":[],"yoast_head":"<!-- This site is optimized with the Yoast SEO plugin v21.1 - https:\/\/yoast.com\/wordpress\/plugins\/seo\/ -->\n<title>LES PRADES 2018 - DOMAINE DE BESSE<\/title>\n<meta name=\"robots\" content=\"index, follow, max-snippet:-1, max-image-preview:large, max-video-preview:-1\" \/>\n<link rel=\"canonical\" href=\"https:\/\/domainedebesse.fr\/index.php\/produit\/les-prades-2018\/\" \/>\n<meta property=\"og:locale\" content=\"fr_FR\" \/>\n<meta property=\"og:type\" content=\"article\" \/>\n<meta property=\"og:title\" content=\"LES PRADES 2018 - DOMAINE DE BESSE\" \/>\n<meta property=\"og:description\" content=\"Ce vin doit son nom \u00e0 une parcelle du domaine. Un rouge avec un assemblage \u00e0 majorit\u00e9 de grenache compl\u00e9t\u00e9 par de la\u00a0 syrah \u2013 vendanges manuelles \u2013 \u00e9levage en cuve inox \u2013 pas de filtrage \u2013 Couleur rouge l\u00e9ger typicit\u00e9 du grenache\" \/>\n<meta property=\"og:url\" content=\"https:\/\/domainedebesse.fr\/index.php\/produit\/les-prades-2018\/\" \/>\n<meta property=\"og:site_name\" content=\"DOMAINE DE BESSE\" \/>\n<meta property=\"article:modified_time\" content=\"2023-11-13T10:46:56+00:00\" \/>\n<meta property=\"og:image\" content=\"https:\/\/domainedebesse.fr\/wp-content\/uploads\/2020\/11\/500prades2018.jpg\" \/>\n\t<meta property=\"og:image:width\" content=\"140\" \/>\n\t<meta property=\"og:image:height\" content=\"500\" \/>\n\t<meta property=\"og:image:type\" content=\"image\/jpeg\" \/>\n<meta name=\"twitter:card\" content=\"summary_large_image\" \/>\n<script type=\"application\/ld+json\" class=\"yoast-schema-graph\">{\"@context\":\"https:\/\/schema.org\",\"@graph\":[{\"@type\":\"WebPage\",\"@id\":\"https:\/\/domainedebesse.fr\/index.php\/produit\/les-prades-2018\/\",\"url\":\"https:\/\/domainedebesse.fr\/index.php\/produit\/les-prades-2018\/\",\"name\":\"LES PRADES 2018 - DOMAINE DE BESSE\",\"isPartOf\":{\"@id\":\"https:\/\/domainedebesse.fr\/#website\"},\"datePublished\":\"2020-11-21T17:10:14+00:00\",\"dateModified\":\"2023-11-13T10:46:56+00:00\",\"breadcrumb\":{\"@id\":\"https:\/\/domainedebesse.fr\/index.php\/produit\/les-prades-2018\/#breadcrumb\"},\"inLanguage\":\"fr-FR\",\"potentialAction\":[{\"@type\":\"ReadAction\",\"target\":[\"https:\/\/domainedebesse.fr\/index.php\/produit\/les-prades-2018\/\"]}]},{\"@type\":\"BreadcrumbList\",\"@id\":\"https:\/\/domainedebesse.fr\/index.php\/produit\/les-prades-2018\/#breadcrumb\",\"itemListElement\":[{\"@type\":\"ListItem\",\"position\":1,\"name\":\"Accueil\",\"item\":\"https:\/\/domainedebesse.fr\/\"},{\"@type\":\"ListItem\",\"position\":2,\"name\":\"Boutique de vente de vin\",\"item\":\"https:\/\/domainedebesse.fr\/index.php\/boutique-vente-de-vin\/\"},{\"@type\":\"ListItem\",\"position\":3,\"name\":\"LES PRADES 2018\"}]},{\"@type\":\"WebSite\",\"@id\":\"https:\/\/domainedebesse.fr\/#website\",\"url\":\"https:\/\/domainedebesse.fr\/\",\"name\":\"DOMAINE DE BESSE\",\"description\":\"Une histoire de famille et d&#039;amiti\u00e9s\",\"potentialAction\":[{\"@type\":\"SearchAction\",\"target\":{\"@type\":\"EntryPoint\",\"urlTemplate\":\"https:\/\/domainedebesse.fr\/?s={search_term_string}\"},\"query-input\":\"required name=search_term_string\"}],\"inLanguage\":\"fr-FR\"}]}<\/script>\n<!-- \/ Yoast SEO plugin. -->","yoast_head_json":{"title":"LES PRADES 2018 - DOMAINE DE BESSE","robots":{"index":"index","follow":"follow","max-snippet":"max-snippet:-1","max-image-preview":"max-image-preview:large","max-video-preview":"max-video-preview:-1"},"canonical":"https:\/\/domainedebesse.fr\/index.php\/produit\/les-prades-2018\/","og_locale":"fr_FR","og_type":"article","og_title":"LES PRADES 2018 - DOMAINE DE BESSE","og_description":"Ce vin doit son nom \u00e0 une parcelle du domaine. Un rouge avec un assemblage \u00e0 majorit\u00e9 de grenache compl\u00e9t\u00e9 par de la\u00a0 syrah \u2013 vendanges manuelles \u2013 \u00e9levage en cuve inox \u2013 pas de filtrage \u2013 Couleur rouge l\u00e9ger typicit\u00e9 du grenache","og_url":"https:\/\/domainedebesse.fr\/index.php\/produit\/les-prades-2018\/","og_site_name":"DOMAINE DE BESSE","article_modified_time":"2023-11-13T10:46:56+00:00","og_image":[{"width":140,"height":500,"url":"https:\/\/domainedebesse.fr\/wp-content\/uploads\/2020\/11\/500prades2018.jpg","type":"image\/jpeg"}],"twitter_card":"summary_large_image","schema":{"@context":"https:\/\/schema.org","@graph":[{"@type":"WebPage","@id":"https:\/\/domainedebesse.fr\/index.php\/produit\/les-prades-2018\/","url":"https:\/\/domainedebesse.fr\/index.php\/produit\/les-prades-2018\/","name":"LES PRADES 2018 - DOMAINE DE BESSE","isPartOf":{"@id":"https:\/\/domainedebesse.fr\/#website"},"datePublished":"2020-11-21T17:10:14+00:00","dateModified":"2023-11-13T10:46:56+00:00","breadcrumb":{"@id":"https:\/\/domainedebesse.fr\/index.php\/produit\/les-prades-2018\/#breadcrumb"},"inLanguage":"fr-FR","potentialAction":[{"@type":"ReadAction","target":["https:\/\/domainedebesse.fr\/index.php\/produit\/les-prades-2018\/"]}]},{"@type":"BreadcrumbList","@id":"https:\/\/domainedebesse.fr\/index.php\/produit\/les-prades-2018\/#breadcrumb","itemListElement":[{"@type":"ListItem","position":1,"name":"Accueil","item":"https:\/\/domainedebesse.fr\/"},{"@type":"ListItem","position":2,"name":"Boutique de vente de vin","item":"https:\/\/domainedebesse.fr\/index.php\/boutique-vente-de-vin\/"},{"@type":"ListItem","position":3,"name":"LES PRADES 2018"}]},{"@type":"WebSite","@id":"https:\/\/domainedebesse.fr\/#website","url":"https:\/\/domainedebesse.fr\/","name":"DOMAINE DE BESSE","description":"Une histoire de famille et d&#039;amiti\u00e9s","potentialAction":[{"@type":"SearchAction","target":{"@type":"EntryPoint","urlTemplate":"https:\/\/domainedebesse.fr\/?s={search_term_string}"},"query-input":"required name=search_term_string"}],"inLanguage":"fr-FR"}]}},"_links":{"self":[{"href":"https:\/\/domainedebesse.fr\/index.php\/wp-json\/wp\/v2\/product\/304"}],"collection":[{"href":"https:\/\/domainedebesse.fr\/index.php\/wp-json\/wp\/v2\/product"}],"about":[{"href":"https:\/\/domainedebesse.fr\/index.php\/wp-json\/wp\/v2\/types\/product"}],"wp:featuredmedia":[{"embeddable":true,"href":"https:\/\/domainedebesse.fr\/index.php\/wp-json\/wp\/v2\/media\/433"}],"wp:attachment":[{"href":"https:\/\/domainedebesse.fr\/index.php\/wp-json\/wp\/v2\/media?parent=304"}],"wp:term":[{"taxonomy":"product_cat","embeddable":true,"href":"https:\/\/domainedebesse.fr\/index.php\/wp-json\/wp\/v2\/product_cat?post=304"},{"taxonomy":"product_tag","embeddable":true,"href":"https:\/\/domainedebesse.fr\/index.php\/wp-json\/wp\/v2\/product_tag?post=304"}],"curies":[{"name":"wp","href":"https:\/\/api.w.org\/{rel}","templated":true}]}}