{"id":322,"date":"2020-11-24T18:02:03","date_gmt":"2020-11-24T16:02:03","guid":{"rendered":"http:\/\/domainedebesse.fr\/?post_type=product&#038;p=322"},"modified":"2023-11-13T12:46:38","modified_gmt":"2023-11-13T10:46:38","slug":"les-prades-2019","status":"publish","type":"product","link":"https:\/\/domainedebesse.fr\/index.php\/produit\/les-prades-2019\/","title":{"rendered":"LES PRADES 2019"},"content":{"rendered":"<p>Les \u00a8Prades est un vin qui doit son nom \u00e0 une parcelle du domaine. C&rsquo;est un rouge assembl\u00e9 avec majoritairement du grenache 75% et compl\u00e9t\u00e9 par 25% de syrah. La vendange est manuelle et il est \u00e9lev\u00e9 dans des cuves en inox. Le vin n&rsquo;est pas filtr\u00e9.<\/p>\n<ul>\n<li>Sa couleur est d&rsquo;un rouge clair ce qui est typique du grenache.<\/li>\n<li>Son nez cerise est tr\u00e8s intense.<\/li>\n<li>Tr\u00e8s rond et tr\u00e8s gras en bouche, structure pr\u00e9sente avec des tanins m\u00fbrs<\/li>\n<\/ul>\n","protected":false},"excerpt":{"rendered":"<p>Les \u00a8Prades est un vin qui doit son nom \u00e0 une parcelle du domaine. C&rsquo;est un rouge assembl\u00e9 avec majoritairement du grenache 75% et compl\u00e9t\u00e9 par 25% de syrah. La vendange est manuelle et il est \u00e9lev\u00e9 dans des cuves en inox. Le vin n&rsquo;est pas filtr\u00e9. Sa couleur est d&rsquo;un rouge clair ce qui &hellip; <\/p>\n<p class=\"link-more\"><a href=\"https:\/\/domainedebesse.fr\/index.php\/produit\/les-prades-2019\/\" class=\"more-link\">Continuer la lecture<span class=\"screen-reader-text\"> de &laquo;&nbsp;LES PRADES 2019&nbsp;&raquo;<\/span><\/a><\/p>\n","protected":false},"featured_media":434,"template":"","meta":{"_monsterinsights_skip_tracking":false,"_monsterinsights_sitenote_active":false,"_monsterinsights_sitenote_note":"","_monsterinsights_sitenote_category":0},"product_cat":[26],"product_tag":[],"yoast_head":"<!-- This site is optimized with the Yoast SEO plugin v21.1 - https:\/\/yoast.com\/wordpress\/plugins\/seo\/ -->\n<title>LES PRADES 2019 - DOMAINE DE BESSE<\/title>\n<meta name=\"description\" content=\"Les Prades 2019 est un vin rouge 75% grenache et 25% Syrah. La vendange est manuelle et l&#039;\u00e9levage s&#039;effectue en cuve inox l&#039;assemblage a lieu apr\u00e8s l&#039;hiver\" \/>\n<meta name=\"robots\" content=\"index, follow, max-snippet:-1, max-image-preview:large, max-video-preview:-1\" \/>\n<link rel=\"canonical\" href=\"https:\/\/domainedebesse.fr\/index.php\/produit\/les-prades-2019\/\" \/>\n<meta property=\"og:locale\" content=\"fr_FR\" \/>\n<meta property=\"og:type\" content=\"article\" \/>\n<meta property=\"og:title\" content=\"LES PRADES 2019 - DOMAINE DE BESSE\" \/>\n<meta property=\"og:description\" content=\"Les Prades 2019 est un vin rouge 75% grenache et 25% Syrah. La vendange est manuelle et l&#039;\u00e9levage s&#039;effectue en cuve inox l&#039;assemblage a lieu apr\u00e8s l&#039;hiver\" \/>\n<meta property=\"og:url\" content=\"https:\/\/domainedebesse.fr\/index.php\/produit\/les-prades-2019\/\" \/>\n<meta property=\"og:site_name\" content=\"DOMAINE DE BESSE\" \/>\n<meta property=\"article:modified_time\" content=\"2023-11-13T10:46:38+00:00\" \/>\n<meta property=\"og:image\" content=\"https:\/\/domainedebesse.fr\/wp-content\/uploads\/2020\/11\/500prades2019.jpg\" \/>\n\t<meta property=\"og:image:width\" content=\"140\" \/>\n\t<meta property=\"og:image:height\" content=\"500\" \/>\n\t<meta property=\"og:image:type\" content=\"image\/jpeg\" \/>\n<meta name=\"twitter:card\" content=\"summary_large_image\" \/>\n<meta name=\"twitter:label1\" content=\"Dur\u00e9e de lecture estim\u00e9e\" \/>\n\t<meta name=\"twitter:data1\" content=\"1 minute\" \/>\n<script type=\"application\/ld+json\" class=\"yoast-schema-graph\">{\"@context\":\"https:\/\/schema.org\",\"@graph\":[{\"@type\":\"WebPage\",\"@id\":\"https:\/\/domainedebesse.fr\/index.php\/produit\/les-prades-2019\/\",\"url\":\"https:\/\/domainedebesse.fr\/index.php\/produit\/les-prades-2019\/\",\"name\":\"LES PRADES 2019 - DOMAINE DE BESSE\",\"isPartOf\":{\"@id\":\"https:\/\/domainedebesse.fr\/#website\"},\"datePublished\":\"2020-11-24T16:02:03+00:00\",\"dateModified\":\"2023-11-13T10:46:38+00:00\",\"description\":\"Les Prades 2019 est un vin rouge 75% grenache et 25% Syrah. La vendange est manuelle et l'\u00e9levage s'effectue en cuve inox l'assemblage a lieu apr\u00e8s l'hiver\",\"breadcrumb\":{\"@id\":\"https:\/\/domainedebesse.fr\/index.php\/produit\/les-prades-2019\/#breadcrumb\"},\"inLanguage\":\"fr-FR\",\"potentialAction\":[{\"@type\":\"ReadAction\",\"target\":[\"https:\/\/domainedebesse.fr\/index.php\/produit\/les-prades-2019\/\"]}]},{\"@type\":\"BreadcrumbList\",\"@id\":\"https:\/\/domainedebesse.fr\/index.php\/produit\/les-prades-2019\/#breadcrumb\",\"itemListElement\":[{\"@type\":\"ListItem\",\"position\":1,\"name\":\"Accueil\",\"item\":\"https:\/\/domainedebesse.fr\/\"},{\"@type\":\"ListItem\",\"position\":2,\"name\":\"Boutique de vente de vin\",\"item\":\"https:\/\/domainedebesse.fr\/index.php\/boutique-vente-de-vin\/\"},{\"@type\":\"ListItem\",\"position\":3,\"name\":\"LES PRADES 2019\"}]},{\"@type\":\"WebSite\",\"@id\":\"https:\/\/domainedebesse.fr\/#website\",\"url\":\"https:\/\/domainedebesse.fr\/\",\"name\":\"DOMAINE DE BESSE\",\"description\":\"Une histoire de famille et d&#039;amiti\u00e9s\",\"potentialAction\":[{\"@type\":\"SearchAction\",\"target\":{\"@type\":\"EntryPoint\",\"urlTemplate\":\"https:\/\/domainedebesse.fr\/?s={search_term_string}\"},\"query-input\":\"required name=search_term_string\"}],\"inLanguage\":\"fr-FR\"}]}<\/script>\n<!-- \/ Yoast SEO plugin. -->","yoast_head_json":{"title":"LES PRADES 2019 - DOMAINE DE BESSE","description":"Les Prades 2019 est un vin rouge 75% grenache et 25% Syrah. La vendange est manuelle et l'\u00e9levage s'effectue en cuve inox l'assemblage a lieu apr\u00e8s l'hiver","robots":{"index":"index","follow":"follow","max-snippet":"max-snippet:-1","max-image-preview":"max-image-preview:large","max-video-preview":"max-video-preview:-1"},"canonical":"https:\/\/domainedebesse.fr\/index.php\/produit\/les-prades-2019\/","og_locale":"fr_FR","og_type":"article","og_title":"LES PRADES 2019 - DOMAINE DE BESSE","og_description":"Les Prades 2019 est un vin rouge 75% grenache et 25% Syrah. La vendange est manuelle et l'\u00e9levage s'effectue en cuve inox l'assemblage a lieu apr\u00e8s l'hiver","og_url":"https:\/\/domainedebesse.fr\/index.php\/produit\/les-prades-2019\/","og_site_name":"DOMAINE DE BESSE","article_modified_time":"2023-11-13T10:46:38+00:00","og_image":[{"width":140,"height":500,"url":"https:\/\/domainedebesse.fr\/wp-content\/uploads\/2020\/11\/500prades2019.jpg","type":"image\/jpeg"}],"twitter_card":"summary_large_image","twitter_misc":{"Dur\u00e9e de lecture estim\u00e9e":"1 minute"},"schema":{"@context":"https:\/\/schema.org","@graph":[{"@type":"WebPage","@id":"https:\/\/domainedebesse.fr\/index.php\/produit\/les-prades-2019\/","url":"https:\/\/domainedebesse.fr\/index.php\/produit\/les-prades-2019\/","name":"LES PRADES 2019 - DOMAINE DE BESSE","isPartOf":{"@id":"https:\/\/domainedebesse.fr\/#website"},"datePublished":"2020-11-24T16:02:03+00:00","dateModified":"2023-11-13T10:46:38+00:00","description":"Les Prades 2019 est un vin rouge 75% grenache et 25% Syrah. La vendange est manuelle et l'\u00e9levage s'effectue en cuve inox l'assemblage a lieu apr\u00e8s l'hiver","breadcrumb":{"@id":"https:\/\/domainedebesse.fr\/index.php\/produit\/les-prades-2019\/#breadcrumb"},"inLanguage":"fr-FR","potentialAction":[{"@type":"ReadAction","target":["https:\/\/domainedebesse.fr\/index.php\/produit\/les-prades-2019\/"]}]},{"@type":"BreadcrumbList","@id":"https:\/\/domainedebesse.fr\/index.php\/produit\/les-prades-2019\/#breadcrumb","itemListElement":[{"@type":"ListItem","position":1,"name":"Accueil","item":"https:\/\/domainedebesse.fr\/"},{"@type":"ListItem","position":2,"name":"Boutique de vente de vin","item":"https:\/\/domainedebesse.fr\/index.php\/boutique-vente-de-vin\/"},{"@type":"ListItem","position":3,"name":"LES PRADES 2019"}]},{"@type":"WebSite","@id":"https:\/\/domainedebesse.fr\/#website","url":"https:\/\/domainedebesse.fr\/","name":"DOMAINE DE BESSE","description":"Une histoire de famille et d&#039;amiti\u00e9s","potentialAction":[{"@type":"SearchAction","target":{"@type":"EntryPoint","urlTemplate":"https:\/\/domainedebesse.fr\/?s={search_term_string}"},"query-input":"required name=search_term_string"}],"inLanguage":"fr-FR"}]}},"_links":{"self":[{"href":"https:\/\/domainedebesse.fr\/index.php\/wp-json\/wp\/v2\/product\/322"}],"collection":[{"href":"https:\/\/domainedebesse.fr\/index.php\/wp-json\/wp\/v2\/product"}],"about":[{"href":"https:\/\/domainedebesse.fr\/index.php\/wp-json\/wp\/v2\/types\/product"}],"wp:featuredmedia":[{"embeddable":true,"href":"https:\/\/domainedebesse.fr\/index.php\/wp-json\/wp\/v2\/media\/434"}],"wp:attachment":[{"href":"https:\/\/domainedebesse.fr\/index.php\/wp-json\/wp\/v2\/media?parent=322"}],"wp:term":[{"taxonomy":"product_cat","embeddable":true,"href":"https:\/\/domainedebesse.fr\/index.php\/wp-json\/wp\/v2\/product_cat?post=322"},{"taxonomy":"product_tag","embeddable":true,"href":"https:\/\/domainedebesse.fr\/index.php\/wp-json\/wp\/v2\/product_tag?post=322"}],"curies":[{"name":"wp","href":"https:\/\/api.w.org\/{rel}","templated":true}]}}