{"id":705,"date":"2021-11-27T19:46:33","date_gmt":"2021-11-27T17:46:33","guid":{"rendered":"https:\/\/domainedebesse.fr\/?post_type=product&#038;p=705"},"modified":"2025-06-12T14:44:14","modified_gmt":"2025-06-12T12:44:14","slug":"dedicace-2020-vin-rouge-fut-de-chene","status":"publish","type":"product","link":"https:\/\/domainedebesse.fr\/index.php\/produit\/dedicace-2020-vin-rouge-fut-de-chene\/","title":{"rendered":"DEDICACE 2020 VIN ROUGE FUT DE CHENE"},"content":{"rendered":"<p>D\u00e9dicace 2020 est un vin rouge \u00e9lev\u00e9 en f\u00fbt de ch\u00eane avec une dominance de <span style=\"font-size: 1rem;\">syrah<\/span> <span style=\"font-size: 1rem;\">et un peu de <\/span><span style=\"font-size: 1rem;\">grenache.<\/span><span style=\"font-size: 1rem;\">\u00a0<\/span><span style=\"font-size: 1rem;\">Notre vin est avant tout une aventure que nous avons d\u00e9cid\u00e9 de mener en couple et \u00e0 laquelle participe toute notre famille et beaucoup de nos amis. Cette cuv\u00e9e leur est d\u00e9dicac\u00e9e<\/span><span style=\"font-size: 1rem;\">. Les vendanges sont manuelles \u2013 Les vins rouges ne sont pas filtr\u00e9s \u2013 <\/span><span style=\"font-size: 1rem;\">\u00a0Les vignes sont sur des coteaux balay\u00e9s par les vents sur un<\/span><a style=\"font-size: 1rem;\" href=\"https:\/\/fr.wikipedia.org\/wiki\/Sol_argilo-calcaire\"> sol argilo-calcaire<\/a><span style=\"font-size: 1rem;\">.<\/span><\/p>\n<p>La robe est noire tr\u00e8s intense.<\/p>\n<p>Le nez a des notes de fruits rouges m\u00fbrs, avec des ar\u00f4mes de vanille.<\/p>\n<p>En bouche le vin est tr\u00e8s \u00e9l\u00e9gant avec beaucoup de subtilit\u00e9<\/p>\n","protected":false},"excerpt":{"rendered":"<p>D\u00e9dicace 2020 est un vin rouge \u00e9lev\u00e9 en f\u00fbt de ch\u00eane avec une dominance de <span style=\"font-size: 1rem;\">syrah<\/span> <span style=\"font-size: 1rem;\">et un peu de <\/span><span style=\"font-size: 1rem;\">grenache.<\/span><span style=\"font-size: 1rem;\">\u00a0<\/span><span style=\"font-size: 1rem;\">Notre vin est avant tout une aventure que nous avons d\u00e9cid\u00e9 de mener en couple et \u00e0 laquelle participe toute notre famille et beaucoup de nos amis. Cette cuv\u00e9e leur est d\u00e9dicac\u00e9e<\/span><span style=\"font-size: 1rem;\">. Les vendanges sont manuelles \u2013 Les vins rouges ne sont pas filtr\u00e9s \u2013 <\/span><span style=\"font-size: 1rem;\">\u00a0Les vignes sont sur des coteaux balay\u00e9s par les vents sur un<\/span><a style=\"font-size: 1rem;\" href=\"https:\/\/fr.wikipedia.org\/wiki\/Sol_argilo-calcaire\"> sol argilo-calcaire<\/a><span style=\"font-size: 1rem;\">.<\/span><\/p>\n<p>La robe est noire tr\u00e8s intense.<\/p>\n<p>Le nez a des notes de fruits rouges m\u00fbrs, avec des ar\u00f4mes de vanille.<\/p>\n<p>En bouche le vin est tr\u00e8s \u00e9l\u00e9gant avec beaucoup de subtilit\u00e9<\/p>\n","protected":false},"featured_media":701,"template":"","meta":{"_monsterinsights_skip_tracking":false,"_monsterinsights_sitenote_active":false,"_monsterinsights_sitenote_note":"","_monsterinsights_sitenote_category":0},"product_cat":[26],"product_tag":[],"yoast_head":"<!-- This site is optimized with the Yoast SEO plugin v21.1 - https:\/\/yoast.com\/wordpress\/plugins\/seo\/ -->\n<title>DEDICACE 2020 VIN ROUGE FUT DE CHENE - DOMAINE DE BESSE<\/title>\n<meta name=\"description\" content=\"D\u00e9dicace 2020 est un vin rouge \u00e9lev\u00e9 en f\u00fbt de ch\u00eane avec une dominance de syrah et un peu de grenache. Les vendanges sont manuelles.\" \/>\n<meta name=\"robots\" content=\"index, follow, max-snippet:-1, max-image-preview:large, max-video-preview:-1\" \/>\n<link rel=\"canonical\" href=\"https:\/\/domainedebesse.fr\/index.php\/produit\/dedicace-2020-vin-rouge-fut-de-chene\/\" \/>\n<meta property=\"og:locale\" content=\"fr_FR\" \/>\n<meta property=\"og:type\" content=\"article\" \/>\n<meta property=\"og:title\" content=\"DEDICACE 2020 VIN ROUGE FUT DE CHENE - DOMAINE DE BESSE\" \/>\n<meta property=\"og:description\" content=\"D\u00e9dicace 2020 est un vin rouge \u00e9lev\u00e9 en f\u00fbt de ch\u00eane avec une dominance de syrah et un peu de grenache. Les vendanges sont manuelles.\" \/>\n<meta property=\"og:url\" content=\"https:\/\/domainedebesse.fr\/index.php\/produit\/dedicace-2020-vin-rouge-fut-de-chene\/\" \/>\n<meta property=\"og:site_name\" content=\"DOMAINE DE BESSE\" \/>\n<meta property=\"article:modified_time\" content=\"2025-06-12T12:44:14+00:00\" \/>\n<meta property=\"og:image\" content=\"https:\/\/domainedebesse.fr\/wp-content\/uploads\/2020\/11\/500dedicace2020.jpg\" \/>\n\t<meta property=\"og:image:width\" content=\"140\" \/>\n\t<meta property=\"og:image:height\" content=\"500\" \/>\n\t<meta property=\"og:image:type\" content=\"image\/jpeg\" \/>\n<meta name=\"twitter:card\" content=\"summary_large_image\" \/>\n<meta name=\"twitter:label1\" content=\"Dur\u00e9e de lecture estim\u00e9e\" \/>\n\t<meta name=\"twitter:data1\" content=\"1 minute\" \/>\n<script type=\"application\/ld+json\" class=\"yoast-schema-graph\">{\"@context\":\"https:\/\/schema.org\",\"@graph\":[{\"@type\":\"WebPage\",\"@id\":\"https:\/\/domainedebesse.fr\/index.php\/produit\/dedicace-2020-vin-rouge-fut-de-chene\/\",\"url\":\"https:\/\/domainedebesse.fr\/index.php\/produit\/dedicace-2020-vin-rouge-fut-de-chene\/\",\"name\":\"DEDICACE 2020 VIN ROUGE FUT DE CHENE - DOMAINE DE BESSE\",\"isPartOf\":{\"@id\":\"https:\/\/domainedebesse.fr\/#website\"},\"datePublished\":\"2021-11-27T17:46:33+00:00\",\"dateModified\":\"2025-06-12T12:44:14+00:00\",\"description\":\"D\u00e9dicace 2020 est un vin rouge \u00e9lev\u00e9 en f\u00fbt de ch\u00eane avec une dominance de syrah et un peu de grenache. Les vendanges sont manuelles.\",\"breadcrumb\":{\"@id\":\"https:\/\/domainedebesse.fr\/index.php\/produit\/dedicace-2020-vin-rouge-fut-de-chene\/#breadcrumb\"},\"inLanguage\":\"fr-FR\",\"potentialAction\":[{\"@type\":\"ReadAction\",\"target\":[\"https:\/\/domainedebesse.fr\/index.php\/produit\/dedicace-2020-vin-rouge-fut-de-chene\/\"]}]},{\"@type\":\"BreadcrumbList\",\"@id\":\"https:\/\/domainedebesse.fr\/index.php\/produit\/dedicace-2020-vin-rouge-fut-de-chene\/#breadcrumb\",\"itemListElement\":[{\"@type\":\"ListItem\",\"position\":1,\"name\":\"Accueil\",\"item\":\"https:\/\/domainedebesse.fr\/\"},{\"@type\":\"ListItem\",\"position\":2,\"name\":\"Boutique de vente de vin\",\"item\":\"https:\/\/domainedebesse.fr\/index.php\/boutique-vente-de-vin\/\"},{\"@type\":\"ListItem\",\"position\":3,\"name\":\"DEDICACE 2020 VIN ROUGE FUT DE CHENE\"}]},{\"@type\":\"WebSite\",\"@id\":\"https:\/\/domainedebesse.fr\/#website\",\"url\":\"https:\/\/domainedebesse.fr\/\",\"name\":\"DOMAINE DE BESSE\",\"description\":\"Une histoire de famille et d&#039;amiti\u00e9s\",\"potentialAction\":[{\"@type\":\"SearchAction\",\"target\":{\"@type\":\"EntryPoint\",\"urlTemplate\":\"https:\/\/domainedebesse.fr\/?s={search_term_string}\"},\"query-input\":\"required name=search_term_string\"}],\"inLanguage\":\"fr-FR\"}]}<\/script>\n<!-- \/ Yoast SEO plugin. -->","yoast_head_json":{"title":"DEDICACE 2020 VIN ROUGE FUT DE CHENE - DOMAINE DE BESSE","description":"D\u00e9dicace 2020 est un vin rouge \u00e9lev\u00e9 en f\u00fbt de ch\u00eane avec une dominance de syrah et un peu de grenache. Les vendanges sont manuelles.","robots":{"index":"index","follow":"follow","max-snippet":"max-snippet:-1","max-image-preview":"max-image-preview:large","max-video-preview":"max-video-preview:-1"},"canonical":"https:\/\/domainedebesse.fr\/index.php\/produit\/dedicace-2020-vin-rouge-fut-de-chene\/","og_locale":"fr_FR","og_type":"article","og_title":"DEDICACE 2020 VIN ROUGE FUT DE CHENE - DOMAINE DE BESSE","og_description":"D\u00e9dicace 2020 est un vin rouge \u00e9lev\u00e9 en f\u00fbt de ch\u00eane avec une dominance de syrah et un peu de grenache. Les vendanges sont manuelles.","og_url":"https:\/\/domainedebesse.fr\/index.php\/produit\/dedicace-2020-vin-rouge-fut-de-chene\/","og_site_name":"DOMAINE DE BESSE","article_modified_time":"2025-06-12T12:44:14+00:00","og_image":[{"width":140,"height":500,"url":"https:\/\/domainedebesse.fr\/wp-content\/uploads\/2020\/11\/500dedicace2020.jpg","type":"image\/jpeg"}],"twitter_card":"summary_large_image","twitter_misc":{"Dur\u00e9e de lecture estim\u00e9e":"1 minute"},"schema":{"@context":"https:\/\/schema.org","@graph":[{"@type":"WebPage","@id":"https:\/\/domainedebesse.fr\/index.php\/produit\/dedicace-2020-vin-rouge-fut-de-chene\/","url":"https:\/\/domainedebesse.fr\/index.php\/produit\/dedicace-2020-vin-rouge-fut-de-chene\/","name":"DEDICACE 2020 VIN ROUGE FUT DE CHENE - DOMAINE DE BESSE","isPartOf":{"@id":"https:\/\/domainedebesse.fr\/#website"},"datePublished":"2021-11-27T17:46:33+00:00","dateModified":"2025-06-12T12:44:14+00:00","description":"D\u00e9dicace 2020 est un vin rouge \u00e9lev\u00e9 en f\u00fbt de ch\u00eane avec une dominance de syrah et un peu de grenache. Les vendanges sont manuelles.","breadcrumb":{"@id":"https:\/\/domainedebesse.fr\/index.php\/produit\/dedicace-2020-vin-rouge-fut-de-chene\/#breadcrumb"},"inLanguage":"fr-FR","potentialAction":[{"@type":"ReadAction","target":["https:\/\/domainedebesse.fr\/index.php\/produit\/dedicace-2020-vin-rouge-fut-de-chene\/"]}]},{"@type":"BreadcrumbList","@id":"https:\/\/domainedebesse.fr\/index.php\/produit\/dedicace-2020-vin-rouge-fut-de-chene\/#breadcrumb","itemListElement":[{"@type":"ListItem","position":1,"name":"Accueil","item":"https:\/\/domainedebesse.fr\/"},{"@type":"ListItem","position":2,"name":"Boutique de vente de vin","item":"https:\/\/domainedebesse.fr\/index.php\/boutique-vente-de-vin\/"},{"@type":"ListItem","position":3,"name":"DEDICACE 2020 VIN ROUGE FUT DE CHENE"}]},{"@type":"WebSite","@id":"https:\/\/domainedebesse.fr\/#website","url":"https:\/\/domainedebesse.fr\/","name":"DOMAINE DE BESSE","description":"Une histoire de famille et d&#039;amiti\u00e9s","potentialAction":[{"@type":"SearchAction","target":{"@type":"EntryPoint","urlTemplate":"https:\/\/domainedebesse.fr\/?s={search_term_string}"},"query-input":"required name=search_term_string"}],"inLanguage":"fr-FR"}]}},"_links":{"self":[{"href":"https:\/\/domainedebesse.fr\/index.php\/wp-json\/wp\/v2\/product\/705"}],"collection":[{"href":"https:\/\/domainedebesse.fr\/index.php\/wp-json\/wp\/v2\/product"}],"about":[{"href":"https:\/\/domainedebesse.fr\/index.php\/wp-json\/wp\/v2\/types\/product"}],"wp:featuredmedia":[{"embeddable":true,"href":"https:\/\/domainedebesse.fr\/index.php\/wp-json\/wp\/v2\/media\/701"}],"wp:attachment":[{"href":"https:\/\/domainedebesse.fr\/index.php\/wp-json\/wp\/v2\/media?parent=705"}],"wp:term":[{"taxonomy":"product_cat","embeddable":true,"href":"https:\/\/domainedebesse.fr\/index.php\/wp-json\/wp\/v2\/product_cat?post=705"},{"taxonomy":"product_tag","embeddable":true,"href":"https:\/\/domainedebesse.fr\/index.php\/wp-json\/wp\/v2\/product_tag?post=705"}],"curies":[{"name":"wp","href":"https:\/\/api.w.org\/{rel}","templated":true}]}}