{"id":707,"date":"2021-11-27T19:50:16","date_gmt":"2021-11-27T17:50:16","guid":{"rendered":"https:\/\/domainedebesse.fr\/?post_type=product&#038;p=707"},"modified":"2025-06-12T14:08:57","modified_gmt":"2025-06-12T12:08:57","slug":"les-prades-vin-rouge-2020-bio","status":"publish","type":"product","link":"https:\/\/domainedebesse.fr\/index.php\/produit\/les-prades-vin-rouge-2020-bio\/","title":{"rendered":"LES PRADES 2020 BIO VIN ROUGE 75% grenache 25% syrah"},"content":{"rendered":"<p>Les Prades 2020 est un vin rouge 75% grenache <span style=\"font-size: 1rem;\">et 25% syrah, c&rsquo;est notre premier mill\u00e9sime en <a href=\"https:\/\/agriculture.gouv.fr\/la-certification-en-agriculture-biologique\">Agriculture Biologique<\/a><\/span><span style=\"font-size: 1rem;\">. Il <\/span>doit son nom \u00e0 une parcelle du domaine. Les vendanges sont manuelles \u2013 l&rsquo;\u00e9levage s&rsquo;effectue en cuve inox \u2013 Les vins rouges ne sont pas filtr\u00e9s \u2013 Couleur rouge l\u00e9ger typicit\u00e9 du grenache. Les vignes sont sur des coteaux balay\u00e9s par les vents sur un<a href=\"https:\/\/fr.wikipedia.org\/wiki\/Sol_argilo-calcaire\"> sol argilo-calcaire<\/a>.<\/p>\n<p>Sa robe couleur rose sombre typicit\u00e9 du grenache, reflets profonds argent\u00e9s<\/p>\n<p>Nez cerises tr\u00e8s m\u00fbres, Zan, r\u00e9glisse<\/p>\n<p>En bouche on retrouve la cerise m\u00fbre, le Zan, et un c\u00f4t\u00e9 \u00e9pic\u00e9 et poivr\u00e9<\/p>\n<p>Structure bien marqu\u00e9e<\/p>\n","protected":false},"excerpt":{"rendered":"<p>Les Prades 2020 est un vin rouge 75% grenache <span style=\"font-size: 1rem;\">et 25% syrah, c&rsquo;est notre premier mill\u00e9sime en <a href=\"https:\/\/agriculture.gouv.fr\/la-certification-en-agriculture-biologique\">Agriculture Biologique<\/a><\/span><span style=\"font-size: 1rem;\">. Il <\/span>doit son nom \u00e0 une parcelle du domaine. Les vendanges sont manuelles \u2013 l&rsquo;\u00e9levage s&rsquo;effectue en cuve inox \u2013 Les vins rouges ne sont pas filtr\u00e9s \u2013 Couleur rouge l\u00e9ger typicit\u00e9 du grenache. Les vignes sont sur des coteaux balay\u00e9s par les vents sur un<a href=\"https:\/\/fr.wikipedia.org\/wiki\/Sol_argilo-calcaire\"> sol argilo-calcaire<\/a>.<\/p>\n<p>Sa robe couleur rose sombre typicit\u00e9 du grenache, reflets profonds argent\u00e9s<\/p>\n<p>Nez cerises tr\u00e8s m\u00fbres, Zan, r\u00e9glisse<\/p>\n<p>En bouche on retrouve la cerise m\u00fbre, le Zan, et un c\u00f4t\u00e9 \u00e9pic\u00e9 et poivr\u00e9<\/p>\n<p>Structure bien marqu\u00e9e<\/p>\n","protected":false},"featured_media":703,"template":"","meta":{"_monsterinsights_skip_tracking":false,"_monsterinsights_sitenote_active":false,"_monsterinsights_sitenote_note":"","_monsterinsights_sitenote_category":0},"product_cat":[26],"product_tag":[],"yoast_head":"<!-- This site is optimized with the Yoast SEO plugin v21.1 - https:\/\/yoast.com\/wordpress\/plugins\/seo\/ -->\n<title>LES PRADES 2020 BIO VIN ROUGE 75% grenache 25% syrah - DOMAINE DE BESSE<\/title>\n<meta name=\"description\" content=\"Les Prades 2020 vin rouge 75% grenache\u00a025% syrah, c&#039;est notre premier mill\u00e9sime en Agriculture Biologique. les vendanges sont manuelles dans des cuves inox.\" \/>\n<meta name=\"robots\" content=\"index, follow, max-snippet:-1, max-image-preview:large, max-video-preview:-1\" \/>\n<link rel=\"canonical\" href=\"https:\/\/domainedebesse.fr\/index.php\/produit\/les-prades-vin-rouge-2020-bio\/\" \/>\n<meta property=\"og:locale\" content=\"fr_FR\" \/>\n<meta property=\"og:type\" content=\"article\" \/>\n<meta property=\"og:title\" content=\"LES PRADES 2020 BIO VIN ROUGE 75% grenache 25% syrah - DOMAINE DE BESSE\" \/>\n<meta property=\"og:description\" content=\"Les Prades 2020 vin rouge 75% grenache\u00a025% syrah, c&#039;est notre premier mill\u00e9sime en Agriculture Biologique. les vendanges sont manuelles dans des cuves inox.\" \/>\n<meta property=\"og:url\" content=\"https:\/\/domainedebesse.fr\/index.php\/produit\/les-prades-vin-rouge-2020-bio\/\" \/>\n<meta property=\"og:site_name\" content=\"DOMAINE DE BESSE\" \/>\n<meta property=\"article:modified_time\" content=\"2025-06-12T12:08:57+00:00\" \/>\n<meta property=\"og:image\" content=\"https:\/\/domainedebesse.fr\/wp-content\/uploads\/2020\/11\/500prades2020.jpg\" \/>\n\t<meta property=\"og:image:width\" content=\"140\" \/>\n\t<meta property=\"og:image:height\" content=\"500\" \/>\n\t<meta property=\"og:image:type\" content=\"image\/jpeg\" \/>\n<meta name=\"twitter:card\" content=\"summary_large_image\" \/>\n<meta name=\"twitter:label1\" content=\"Dur\u00e9e de lecture estim\u00e9e\" \/>\n\t<meta name=\"twitter:data1\" content=\"1 minute\" \/>\n<script type=\"application\/ld+json\" class=\"yoast-schema-graph\">{\"@context\":\"https:\/\/schema.org\",\"@graph\":[{\"@type\":\"WebPage\",\"@id\":\"https:\/\/domainedebesse.fr\/index.php\/produit\/les-prades-vin-rouge-2020-bio\/\",\"url\":\"https:\/\/domainedebesse.fr\/index.php\/produit\/les-prades-vin-rouge-2020-bio\/\",\"name\":\"LES PRADES 2020 BIO VIN ROUGE 75% grenache 25% syrah - DOMAINE DE BESSE\",\"isPartOf\":{\"@id\":\"https:\/\/domainedebesse.fr\/#website\"},\"datePublished\":\"2021-11-27T17:50:16+00:00\",\"dateModified\":\"2025-06-12T12:08:57+00:00\",\"description\":\"Les Prades 2020 vin rouge 75% grenache\u00a025% syrah, c'est notre premier mill\u00e9sime en Agriculture Biologique. les vendanges sont manuelles dans des cuves inox.\",\"breadcrumb\":{\"@id\":\"https:\/\/domainedebesse.fr\/index.php\/produit\/les-prades-vin-rouge-2020-bio\/#breadcrumb\"},\"inLanguage\":\"fr-FR\",\"potentialAction\":[{\"@type\":\"ReadAction\",\"target\":[\"https:\/\/domainedebesse.fr\/index.php\/produit\/les-prades-vin-rouge-2020-bio\/\"]}]},{\"@type\":\"BreadcrumbList\",\"@id\":\"https:\/\/domainedebesse.fr\/index.php\/produit\/les-prades-vin-rouge-2020-bio\/#breadcrumb\",\"itemListElement\":[{\"@type\":\"ListItem\",\"position\":1,\"name\":\"Accueil\",\"item\":\"https:\/\/domainedebesse.fr\/\"},{\"@type\":\"ListItem\",\"position\":2,\"name\":\"Boutique de vente de vin\",\"item\":\"https:\/\/domainedebesse.fr\/index.php\/boutique-vente-de-vin\/\"},{\"@type\":\"ListItem\",\"position\":3,\"name\":\"LES PRADES 2020 BIO VIN ROUGE 75% grenache 25% syrah\"}]},{\"@type\":\"WebSite\",\"@id\":\"https:\/\/domainedebesse.fr\/#website\",\"url\":\"https:\/\/domainedebesse.fr\/\",\"name\":\"DOMAINE DE BESSE\",\"description\":\"Une histoire de famille et d&#039;amiti\u00e9s\",\"potentialAction\":[{\"@type\":\"SearchAction\",\"target\":{\"@type\":\"EntryPoint\",\"urlTemplate\":\"https:\/\/domainedebesse.fr\/?s={search_term_string}\"},\"query-input\":\"required name=search_term_string\"}],\"inLanguage\":\"fr-FR\"}]}<\/script>\n<!-- \/ Yoast SEO plugin. -->","yoast_head_json":{"title":"LES PRADES 2020 BIO VIN ROUGE 75% grenache 25% syrah - DOMAINE DE BESSE","description":"Les Prades 2020 vin rouge 75% grenache\u00a025% syrah, c'est notre premier mill\u00e9sime en Agriculture Biologique. les vendanges sont manuelles dans des cuves inox.","robots":{"index":"index","follow":"follow","max-snippet":"max-snippet:-1","max-image-preview":"max-image-preview:large","max-video-preview":"max-video-preview:-1"},"canonical":"https:\/\/domainedebesse.fr\/index.php\/produit\/les-prades-vin-rouge-2020-bio\/","og_locale":"fr_FR","og_type":"article","og_title":"LES PRADES 2020 BIO VIN ROUGE 75% grenache 25% syrah - DOMAINE DE BESSE","og_description":"Les Prades 2020 vin rouge 75% grenache\u00a025% syrah, c'est notre premier mill\u00e9sime en Agriculture Biologique. les vendanges sont manuelles dans des cuves inox.","og_url":"https:\/\/domainedebesse.fr\/index.php\/produit\/les-prades-vin-rouge-2020-bio\/","og_site_name":"DOMAINE DE BESSE","article_modified_time":"2025-06-12T12:08:57+00:00","og_image":[{"width":140,"height":500,"url":"https:\/\/domainedebesse.fr\/wp-content\/uploads\/2020\/11\/500prades2020.jpg","type":"image\/jpeg"}],"twitter_card":"summary_large_image","twitter_misc":{"Dur\u00e9e de lecture estim\u00e9e":"1 minute"},"schema":{"@context":"https:\/\/schema.org","@graph":[{"@type":"WebPage","@id":"https:\/\/domainedebesse.fr\/index.php\/produit\/les-prades-vin-rouge-2020-bio\/","url":"https:\/\/domainedebesse.fr\/index.php\/produit\/les-prades-vin-rouge-2020-bio\/","name":"LES PRADES 2020 BIO VIN ROUGE 75% grenache 25% syrah - DOMAINE DE BESSE","isPartOf":{"@id":"https:\/\/domainedebesse.fr\/#website"},"datePublished":"2021-11-27T17:50:16+00:00","dateModified":"2025-06-12T12:08:57+00:00","description":"Les Prades 2020 vin rouge 75% grenache\u00a025% syrah, c'est notre premier mill\u00e9sime en Agriculture Biologique. les vendanges sont manuelles dans des cuves inox.","breadcrumb":{"@id":"https:\/\/domainedebesse.fr\/index.php\/produit\/les-prades-vin-rouge-2020-bio\/#breadcrumb"},"inLanguage":"fr-FR","potentialAction":[{"@type":"ReadAction","target":["https:\/\/domainedebesse.fr\/index.php\/produit\/les-prades-vin-rouge-2020-bio\/"]}]},{"@type":"BreadcrumbList","@id":"https:\/\/domainedebesse.fr\/index.php\/produit\/les-prades-vin-rouge-2020-bio\/#breadcrumb","itemListElement":[{"@type":"ListItem","position":1,"name":"Accueil","item":"https:\/\/domainedebesse.fr\/"},{"@type":"ListItem","position":2,"name":"Boutique de vente de vin","item":"https:\/\/domainedebesse.fr\/index.php\/boutique-vente-de-vin\/"},{"@type":"ListItem","position":3,"name":"LES PRADES 2020 BIO VIN ROUGE 75% grenache 25% syrah"}]},{"@type":"WebSite","@id":"https:\/\/domainedebesse.fr\/#website","url":"https:\/\/domainedebesse.fr\/","name":"DOMAINE DE BESSE","description":"Une histoire de famille et d&#039;amiti\u00e9s","potentialAction":[{"@type":"SearchAction","target":{"@type":"EntryPoint","urlTemplate":"https:\/\/domainedebesse.fr\/?s={search_term_string}"},"query-input":"required name=search_term_string"}],"inLanguage":"fr-FR"}]}},"_links":{"self":[{"href":"https:\/\/domainedebesse.fr\/index.php\/wp-json\/wp\/v2\/product\/707"}],"collection":[{"href":"https:\/\/domainedebesse.fr\/index.php\/wp-json\/wp\/v2\/product"}],"about":[{"href":"https:\/\/domainedebesse.fr\/index.php\/wp-json\/wp\/v2\/types\/product"}],"wp:featuredmedia":[{"embeddable":true,"href":"https:\/\/domainedebesse.fr\/index.php\/wp-json\/wp\/v2\/media\/703"}],"wp:attachment":[{"href":"https:\/\/domainedebesse.fr\/index.php\/wp-json\/wp\/v2\/media?parent=707"}],"wp:term":[{"taxonomy":"product_cat","embeddable":true,"href":"https:\/\/domainedebesse.fr\/index.php\/wp-json\/wp\/v2\/product_cat?post=707"},{"taxonomy":"product_tag","embeddable":true,"href":"https:\/\/domainedebesse.fr\/index.php\/wp-json\/wp\/v2\/product_tag?post=707"}],"curies":[{"name":"wp","href":"https:\/\/api.w.org\/{rel}","templated":true}]}}