{"id":756,"date":"2022-06-15T14:10:29","date_gmt":"2022-06-15T12:10:29","guid":{"rendered":"https:\/\/domainedebesse.fr\/?post_type=product&#038;p=756"},"modified":"2025-06-13T18:08:13","modified_gmt":"2025-06-13T16:08:13","slug":"lamour-guette-2024-vin-blanc-sauvignon-bio","status":"publish","type":"product","link":"https:\/\/domainedebesse.fr\/index.php\/produit\/lamour-guette-2024-vin-blanc-sauvignon-bio\/","title":{"rendered":"L&rsquo;AMOUR GUETTE 2024 vin blanc Bio 100% sauvignon"},"content":{"rendered":"<p>L&rsquo;Amour guette\u00a0 2024 vin blanc Bio 100% sauvignon \u2013 les vendanges sont manuelles \u2013 l&rsquo;\u00e9levage s&rsquo;effectue en cuve inox &#8211;\u00a0 La vigne est sur un coteau balay\u00e9 par les vents avec un sol argilo-calcaire, nous pratiquons l&rsquo;<a href=\"https:\/\/agriculture.gouv.fr\/quest-ce-que-lagroecologie\">agro\u00e9cologie<\/a> en <span style=\"font-size: 1rem;\">minimisant le <\/span><span style=\"font-size: 1rem;\">travail du sol afin <\/span><span style=\"font-size: 1rem;\">\u00a0<\/span><span style=\"font-size: 1rem;\">d&rsquo;\u00e9viter son \u00e9rosion et <\/span><span style=\"font-size: 1rem;\">de conserver sa biodiversit\u00e9.<\/span><\/p>\n<p><span style=\"font-size: 1rem;\"> Sa robe est brillante, lumineuse, avec des\u00a0 reflets argent\u00e9s <\/span><\/p>\n<p><span style=\"font-size: 1rem;\">Son nez a des ar\u00f4mes d\u2019agrumes de citrons confits et de zeste de citron ainsi que de bourgeon de cassis <\/span><\/p>\n<p><span style=\"font-size: 1rem;\">Sa bouche a une attaque franche, avec\u00a0 une belle rondeur et finesse,\u00a0 laisse une belle longueur, on retrouve la fraicheur des agrumes, et du\u00a0 zeste de citron\u00a0\u00a0<\/span><\/p>\n<p>&nbsp;<\/p>\n<p>&nbsp;<\/p>\n","protected":false},"excerpt":{"rendered":"<p>L&rsquo;Amour guette\u00a0 2024 vin blanc Bio 100% sauvignon \u2013 les vendanges sont manuelles \u2013 l&rsquo;\u00e9levage s&rsquo;effectue en cuve inox &#8211;\u00a0 La vigne est sur un coteau balay\u00e9 par les vents avec un sol argilo-calcaire, nous pratiquons l&rsquo;agro\u00e9cologie en minimisant le travail du sol afin \u00a0d&rsquo;\u00e9viter son \u00e9rosion et de conserver sa biodiversit\u00e9. Sa robe est &hellip; <\/p>\n<p class=\"link-more\"><a href=\"https:\/\/domainedebesse.fr\/index.php\/produit\/lamour-guette-2024-vin-blanc-sauvignon-bio\/\" class=\"more-link\">Continuer la lecture<span class=\"screen-reader-text\"> de &laquo;&nbsp;L&rsquo;AMOUR GUETTE 2024 vin blanc Bio 100% sauvignon&nbsp;&raquo;<\/span><\/a><\/p>\n","protected":false},"featured_media":909,"template":"","meta":{"_monsterinsights_skip_tracking":false,"_monsterinsights_sitenote_active":false,"_monsterinsights_sitenote_note":"","_monsterinsights_sitenote_category":0},"product_cat":[24],"product_tag":[],"yoast_head":"<!-- This site is optimized with the Yoast SEO plugin v21.1 - https:\/\/yoast.com\/wordpress\/plugins\/seo\/ -->\n<title>L&#039;AMOUR GUETTE 2024 vin blanc Bio 100% sauvignon - DOMAINE DE BESSE<\/title>\n<meta name=\"description\" content=\"L&#039;Amour guette 2024 vin blanc 100% sauvignon en Agriculture Biologique, les vendanges sont manuelles, l&#039;\u00e9levage en cuve inox, c&#039;est un vin coteau\" \/>\n<meta name=\"robots\" content=\"index, follow, max-snippet:-1, max-image-preview:large, max-video-preview:-1\" \/>\n<link rel=\"canonical\" href=\"https:\/\/domainedebesse.fr\/index.php\/produit\/lamour-guette-2024-vin-blanc-sauvignon-bio\/\" \/>\n<meta property=\"og:locale\" content=\"fr_FR\" \/>\n<meta property=\"og:type\" content=\"article\" \/>\n<meta property=\"og:title\" content=\"L&#039;AMOUR GUETTE 2024 vin blanc Bio 100% sauvignon - DOMAINE DE BESSE\" \/>\n<meta property=\"og:description\" content=\"L&#039;Amour guette 2024 vin blanc 100% sauvignon en Agriculture Biologique, les vendanges sont manuelles, l&#039;\u00e9levage en cuve inox, c&#039;est un vin coteau\" \/>\n<meta property=\"og:url\" content=\"https:\/\/domainedebesse.fr\/index.php\/produit\/lamour-guette-2024-vin-blanc-sauvignon-bio\/\" \/>\n<meta property=\"og:site_name\" content=\"DOMAINE DE BESSE\" \/>\n<meta property=\"article:modified_time\" content=\"2025-06-13T16:08:13+00:00\" \/>\n<meta property=\"og:image\" content=\"https:\/\/domainedebesse.fr\/wp-content\/uploads\/2022\/06\/IMG20250612082605.jpg\" \/>\n\t<meta property=\"og:image:width\" content=\"282\" \/>\n\t<meta property=\"og:image:height\" content=\"500\" \/>\n\t<meta property=\"og:image:type\" content=\"image\/jpeg\" \/>\n<meta name=\"twitter:card\" content=\"summary_large_image\" \/>\n<meta name=\"twitter:label1\" content=\"Dur\u00e9e de lecture estim\u00e9e\" \/>\n\t<meta name=\"twitter:data1\" content=\"1 minute\" \/>\n<script type=\"application\/ld+json\" class=\"yoast-schema-graph\">{\"@context\":\"https:\/\/schema.org\",\"@graph\":[{\"@type\":\"WebPage\",\"@id\":\"https:\/\/domainedebesse.fr\/index.php\/produit\/lamour-guette-2024-vin-blanc-sauvignon-bio\/\",\"url\":\"https:\/\/domainedebesse.fr\/index.php\/produit\/lamour-guette-2024-vin-blanc-sauvignon-bio\/\",\"name\":\"L'AMOUR GUETTE 2024 vin blanc Bio 100% sauvignon - DOMAINE DE BESSE\",\"isPartOf\":{\"@id\":\"https:\/\/domainedebesse.fr\/#website\"},\"datePublished\":\"2022-06-15T12:10:29+00:00\",\"dateModified\":\"2025-06-13T16:08:13+00:00\",\"description\":\"L'Amour guette 2024 vin blanc 100% sauvignon en Agriculture Biologique, les vendanges sont manuelles, l'\u00e9levage en cuve inox, c'est un vin coteau\",\"breadcrumb\":{\"@id\":\"https:\/\/domainedebesse.fr\/index.php\/produit\/lamour-guette-2024-vin-blanc-sauvignon-bio\/#breadcrumb\"},\"inLanguage\":\"fr-FR\",\"potentialAction\":[{\"@type\":\"ReadAction\",\"target\":[\"https:\/\/domainedebesse.fr\/index.php\/produit\/lamour-guette-2024-vin-blanc-sauvignon-bio\/\"]}]},{\"@type\":\"BreadcrumbList\",\"@id\":\"https:\/\/domainedebesse.fr\/index.php\/produit\/lamour-guette-2024-vin-blanc-sauvignon-bio\/#breadcrumb\",\"itemListElement\":[{\"@type\":\"ListItem\",\"position\":1,\"name\":\"Accueil\",\"item\":\"https:\/\/domainedebesse.fr\/\"},{\"@type\":\"ListItem\",\"position\":2,\"name\":\"Boutique de vente de vin\",\"item\":\"https:\/\/domainedebesse.fr\/index.php\/boutique-vente-de-vin\/\"},{\"@type\":\"ListItem\",\"position\":3,\"name\":\"L&rsquo;AMOUR GUETTE 2024 vin blanc Bio 100% sauvignon\"}]},{\"@type\":\"WebSite\",\"@id\":\"https:\/\/domainedebesse.fr\/#website\",\"url\":\"https:\/\/domainedebesse.fr\/\",\"name\":\"DOMAINE DE BESSE\",\"description\":\"Une histoire de famille et d&#039;amiti\u00e9s\",\"potentialAction\":[{\"@type\":\"SearchAction\",\"target\":{\"@type\":\"EntryPoint\",\"urlTemplate\":\"https:\/\/domainedebesse.fr\/?s={search_term_string}\"},\"query-input\":\"required name=search_term_string\"}],\"inLanguage\":\"fr-FR\"}]}<\/script>\n<!-- \/ Yoast SEO plugin. -->","yoast_head_json":{"title":"L'AMOUR GUETTE 2024 vin blanc Bio 100% sauvignon - DOMAINE DE BESSE","description":"L'Amour guette 2024 vin blanc 100% sauvignon en Agriculture Biologique, les vendanges sont manuelles, l'\u00e9levage en cuve inox, c'est un vin coteau","robots":{"index":"index","follow":"follow","max-snippet":"max-snippet:-1","max-image-preview":"max-image-preview:large","max-video-preview":"max-video-preview:-1"},"canonical":"https:\/\/domainedebesse.fr\/index.php\/produit\/lamour-guette-2024-vin-blanc-sauvignon-bio\/","og_locale":"fr_FR","og_type":"article","og_title":"L'AMOUR GUETTE 2024 vin blanc Bio 100% sauvignon - DOMAINE DE BESSE","og_description":"L'Amour guette 2024 vin blanc 100% sauvignon en Agriculture Biologique, les vendanges sont manuelles, l'\u00e9levage en cuve inox, c'est un vin coteau","og_url":"https:\/\/domainedebesse.fr\/index.php\/produit\/lamour-guette-2024-vin-blanc-sauvignon-bio\/","og_site_name":"DOMAINE DE BESSE","article_modified_time":"2025-06-13T16:08:13+00:00","og_image":[{"width":282,"height":500,"url":"https:\/\/domainedebesse.fr\/wp-content\/uploads\/2022\/06\/IMG20250612082605.jpg","type":"image\/jpeg"}],"twitter_card":"summary_large_image","twitter_misc":{"Dur\u00e9e de lecture estim\u00e9e":"1 minute"},"schema":{"@context":"https:\/\/schema.org","@graph":[{"@type":"WebPage","@id":"https:\/\/domainedebesse.fr\/index.php\/produit\/lamour-guette-2024-vin-blanc-sauvignon-bio\/","url":"https:\/\/domainedebesse.fr\/index.php\/produit\/lamour-guette-2024-vin-blanc-sauvignon-bio\/","name":"L'AMOUR GUETTE 2024 vin blanc Bio 100% sauvignon - DOMAINE DE BESSE","isPartOf":{"@id":"https:\/\/domainedebesse.fr\/#website"},"datePublished":"2022-06-15T12:10:29+00:00","dateModified":"2025-06-13T16:08:13+00:00","description":"L'Amour guette 2024 vin blanc 100% sauvignon en Agriculture Biologique, les vendanges sont manuelles, l'\u00e9levage en cuve inox, c'est un vin coteau","breadcrumb":{"@id":"https:\/\/domainedebesse.fr\/index.php\/produit\/lamour-guette-2024-vin-blanc-sauvignon-bio\/#breadcrumb"},"inLanguage":"fr-FR","potentialAction":[{"@type":"ReadAction","target":["https:\/\/domainedebesse.fr\/index.php\/produit\/lamour-guette-2024-vin-blanc-sauvignon-bio\/"]}]},{"@type":"BreadcrumbList","@id":"https:\/\/domainedebesse.fr\/index.php\/produit\/lamour-guette-2024-vin-blanc-sauvignon-bio\/#breadcrumb","itemListElement":[{"@type":"ListItem","position":1,"name":"Accueil","item":"https:\/\/domainedebesse.fr\/"},{"@type":"ListItem","position":2,"name":"Boutique de vente de vin","item":"https:\/\/domainedebesse.fr\/index.php\/boutique-vente-de-vin\/"},{"@type":"ListItem","position":3,"name":"L&rsquo;AMOUR GUETTE 2024 vin blanc Bio 100% sauvignon"}]},{"@type":"WebSite","@id":"https:\/\/domainedebesse.fr\/#website","url":"https:\/\/domainedebesse.fr\/","name":"DOMAINE DE BESSE","description":"Une histoire de famille et d&#039;amiti\u00e9s","potentialAction":[{"@type":"SearchAction","target":{"@type":"EntryPoint","urlTemplate":"https:\/\/domainedebesse.fr\/?s={search_term_string}"},"query-input":"required name=search_term_string"}],"inLanguage":"fr-FR"}]}},"_links":{"self":[{"href":"https:\/\/domainedebesse.fr\/index.php\/wp-json\/wp\/v2\/product\/756"}],"collection":[{"href":"https:\/\/domainedebesse.fr\/index.php\/wp-json\/wp\/v2\/product"}],"about":[{"href":"https:\/\/domainedebesse.fr\/index.php\/wp-json\/wp\/v2\/types\/product"}],"wp:featuredmedia":[{"embeddable":true,"href":"https:\/\/domainedebesse.fr\/index.php\/wp-json\/wp\/v2\/media\/909"}],"wp:attachment":[{"href":"https:\/\/domainedebesse.fr\/index.php\/wp-json\/wp\/v2\/media?parent=756"}],"wp:term":[{"taxonomy":"product_cat","embeddable":true,"href":"https:\/\/domainedebesse.fr\/index.php\/wp-json\/wp\/v2\/product_cat?post=756"},{"taxonomy":"product_tag","embeddable":true,"href":"https:\/\/domainedebesse.fr\/index.php\/wp-json\/wp\/v2\/product_tag?post=756"}],"curies":[{"name":"wp","href":"https:\/\/api.w.org\/{rel}","templated":true}]}}