{"id":910,"date":"2025-06-12T12:16:20","date_gmt":"2025-06-12T10:16:20","guid":{"rendered":"https:\/\/domainedebesse.fr\/?post_type=product&#038;p=910"},"modified":"2025-06-13T18:06:59","modified_gmt":"2025-06-13T16:06:59","slug":"le-champ-de-jacques-2024","status":"publish","type":"product","link":"https:\/\/domainedebesse.fr\/index.php\/produit\/le-champ-de-jacques-2024\/","title":{"rendered":"LE CHAMP DE JACQUES 2024 VIN ROUGE BIO 80% CARIGNAN 20% GRENACHE"},"content":{"rendered":"<p>Le Champ de Jacques 2024 est un vin rouge <span style=\"font-size: 1rem;\">Bio f<\/span><span style=\"font-size: 1rem;\">ruit\u00e9 en Agriculture Biologique, \u00e9labor\u00e9<\/span><span style=\"font-size: 1rem;\"> en <a href=\"https:\/\/www.vignevin-occitanie.com\/fiches-pratiques\/la-vinification-par-maceration-carbonique\/\">mac\u00e9ration carbonique<\/a>, avec 80% de carignan et 20% de grenache \u2013 les vendanges sont manuelles \u2013 l&rsquo;\u00e9levage s&rsquo;effectue en cuve inox &#8211;\u00a0 Les vignes sont sur des coteaux balay\u00e9s par les vents sur un sol argilo-calcaire, nous pratiquons l&rsquo;<\/span><a style=\"font-size: 1rem;\" href=\"https:\/\/agriculture.gouv.fr\/quest-ce-que-lagroecologie\">agro\u00e9cologie<\/a><span style=\"font-size: 1rem;\"> en <\/span><span style=\"font-size: 1rem;\">minimisant le <\/span><span style=\"font-size: 1rem;\">travail du sol afin <\/span><span style=\"font-size: 1rem;\">\u00a0<\/span><span style=\"font-size: 1rem;\">d&rsquo;\u00e9viter son \u00e9rosion et <\/span><span style=\"font-size: 1rem;\">de conserver sa biodiversit\u00e9.\u00a0<\/span><\/p>\n<p>Robe pourpre, l\u00e9g\u00e8re transparence, reflets fuchsia,<\/p>\n<p>Nez de fruits rouges \u00e9cras\u00e9s, cassis pr\u00e9dominant fraises des bois assez intense, belle complexit\u00e9 aromatique,<\/p>\n<p>En bouche une structure souple, des tanins pr\u00e9sents mais en souplesse,<\/p>\n<p>&nbsp;<\/p>\n","protected":false},"excerpt":{"rendered":"<p>Le Champ de Jacques 2024 est un vin rouge Bio fruit\u00e9 en Agriculture Biologique, \u00e9labor\u00e9 en mac\u00e9ration carbonique, avec 80% de carignan et 20% de grenache \u2013 les vendanges sont manuelles \u2013 l&rsquo;\u00e9levage s&rsquo;effectue en cuve inox &#8211;\u00a0 Les vignes sont sur des coteaux balay\u00e9s par les vents sur un sol argilo-calcaire, nous pratiquons l&rsquo;agro\u00e9cologie &hellip; <\/p>\n<p class=\"link-more\"><a href=\"https:\/\/domainedebesse.fr\/index.php\/produit\/le-champ-de-jacques-2024\/\" class=\"more-link\">Continuer la lecture<span class=\"screen-reader-text\"> de &laquo;&nbsp;LE CHAMP DE JACQUES 2024 VIN ROUGE BIO 80% CARIGNAN 20% GRENACHE&nbsp;&raquo;<\/span><\/a><\/p>\n","protected":false},"featured_media":912,"template":"","meta":{"_monsterinsights_skip_tracking":false,"_monsterinsights_sitenote_active":false,"_monsterinsights_sitenote_note":"","_monsterinsights_sitenote_category":0},"product_cat":[26],"product_tag":[],"yoast_head":"<!-- This site is optimized with the Yoast SEO plugin v21.1 - https:\/\/yoast.com\/wordpress\/plugins\/seo\/ -->\n<title>LE CHAMP DE JACQUES 2024 VIN ROUGE BIO 80% CARIGNAN 20% GRENACHE - DOMAINE DE BESSE<\/title>\n<meta name=\"description\" content=\"Le champ de Jacques 2024 vin rouge fruit\u00e9 en Agriculture Biologique \u00e9labor\u00e9 en mac\u00e9ration carbonique 80% carignan 20% grenache, les vendanges sont manuelles\" \/>\n<meta name=\"robots\" content=\"index, follow, max-snippet:-1, max-image-preview:large, max-video-preview:-1\" \/>\n<link rel=\"canonical\" href=\"https:\/\/domainedebesse.fr\/index.php\/produit\/le-champ-de-jacques-2024\/\" \/>\n<meta property=\"og:locale\" content=\"fr_FR\" \/>\n<meta property=\"og:type\" content=\"article\" \/>\n<meta property=\"og:title\" content=\"LE CHAMP DE JACQUES 2024 VIN ROUGE BIO 80% CARIGNAN 20% GRENACHE - DOMAINE DE BESSE\" \/>\n<meta property=\"og:description\" content=\"Le champ de Jacques 2024 vin rouge fruit\u00e9 en Agriculture Biologique \u00e9labor\u00e9 en mac\u00e9ration carbonique 80% carignan 20% grenache, les vendanges sont manuelles\" \/>\n<meta property=\"og:url\" content=\"https:\/\/domainedebesse.fr\/index.php\/produit\/le-champ-de-jacques-2024\/\" \/>\n<meta property=\"og:site_name\" content=\"DOMAINE DE BESSE\" \/>\n<meta property=\"article:modified_time\" content=\"2025-06-13T16:06:59+00:00\" \/>\n<meta property=\"og:image\" content=\"https:\/\/domainedebesse.fr\/wp-content\/uploads\/2025\/06\/IMG20250612082742.jpg\" \/>\n\t<meta property=\"og:image:width\" content=\"282\" \/>\n\t<meta property=\"og:image:height\" content=\"500\" \/>\n\t<meta property=\"og:image:type\" content=\"image\/jpeg\" \/>\n<meta name=\"twitter:card\" content=\"summary_large_image\" \/>\n<meta name=\"twitter:label1\" content=\"Dur\u00e9e de lecture estim\u00e9e\" \/>\n\t<meta name=\"twitter:data1\" content=\"1 minute\" \/>\n<script type=\"application\/ld+json\" class=\"yoast-schema-graph\">{\"@context\":\"https:\/\/schema.org\",\"@graph\":[{\"@type\":\"WebPage\",\"@id\":\"https:\/\/domainedebesse.fr\/index.php\/produit\/le-champ-de-jacques-2024\/\",\"url\":\"https:\/\/domainedebesse.fr\/index.php\/produit\/le-champ-de-jacques-2024\/\",\"name\":\"LE CHAMP DE JACQUES 2024 VIN ROUGE BIO 80% CARIGNAN 20% GRENACHE - DOMAINE DE BESSE\",\"isPartOf\":{\"@id\":\"https:\/\/domainedebesse.fr\/#website\"},\"datePublished\":\"2025-06-12T10:16:20+00:00\",\"dateModified\":\"2025-06-13T16:06:59+00:00\",\"description\":\"Le champ de Jacques 2024 vin rouge fruit\u00e9 en Agriculture Biologique \u00e9labor\u00e9 en mac\u00e9ration carbonique 80% carignan 20% grenache, les vendanges sont manuelles\",\"breadcrumb\":{\"@id\":\"https:\/\/domainedebesse.fr\/index.php\/produit\/le-champ-de-jacques-2024\/#breadcrumb\"},\"inLanguage\":\"fr-FR\",\"potentialAction\":[{\"@type\":\"ReadAction\",\"target\":[\"https:\/\/domainedebesse.fr\/index.php\/produit\/le-champ-de-jacques-2024\/\"]}]},{\"@type\":\"BreadcrumbList\",\"@id\":\"https:\/\/domainedebesse.fr\/index.php\/produit\/le-champ-de-jacques-2024\/#breadcrumb\",\"itemListElement\":[{\"@type\":\"ListItem\",\"position\":1,\"name\":\"Accueil\",\"item\":\"https:\/\/domainedebesse.fr\/\"},{\"@type\":\"ListItem\",\"position\":2,\"name\":\"Boutique de vente de vin\",\"item\":\"https:\/\/domainedebesse.fr\/index.php\/boutique-vente-de-vin\/\"},{\"@type\":\"ListItem\",\"position\":3,\"name\":\"LE CHAMP DE JACQUES 2024 VIN ROUGE BIO 80% CARIGNAN 20% GRENACHE\"}]},{\"@type\":\"WebSite\",\"@id\":\"https:\/\/domainedebesse.fr\/#website\",\"url\":\"https:\/\/domainedebesse.fr\/\",\"name\":\"DOMAINE DE BESSE\",\"description\":\"Une histoire de famille et d&#039;amiti\u00e9s\",\"potentialAction\":[{\"@type\":\"SearchAction\",\"target\":{\"@type\":\"EntryPoint\",\"urlTemplate\":\"https:\/\/domainedebesse.fr\/?s={search_term_string}\"},\"query-input\":\"required name=search_term_string\"}],\"inLanguage\":\"fr-FR\"}]}<\/script>\n<!-- \/ Yoast SEO plugin. -->","yoast_head_json":{"title":"LE CHAMP DE JACQUES 2024 VIN ROUGE BIO 80% CARIGNAN 20% GRENACHE - DOMAINE DE BESSE","description":"Le champ de Jacques 2024 vin rouge fruit\u00e9 en Agriculture Biologique \u00e9labor\u00e9 en mac\u00e9ration carbonique 80% carignan 20% grenache, les vendanges sont manuelles","robots":{"index":"index","follow":"follow","max-snippet":"max-snippet:-1","max-image-preview":"max-image-preview:large","max-video-preview":"max-video-preview:-1"},"canonical":"https:\/\/domainedebesse.fr\/index.php\/produit\/le-champ-de-jacques-2024\/","og_locale":"fr_FR","og_type":"article","og_title":"LE CHAMP DE JACQUES 2024 VIN ROUGE BIO 80% CARIGNAN 20% GRENACHE - DOMAINE DE BESSE","og_description":"Le champ de Jacques 2024 vin rouge fruit\u00e9 en Agriculture Biologique \u00e9labor\u00e9 en mac\u00e9ration carbonique 80% carignan 20% grenache, les vendanges sont manuelles","og_url":"https:\/\/domainedebesse.fr\/index.php\/produit\/le-champ-de-jacques-2024\/","og_site_name":"DOMAINE DE BESSE","article_modified_time":"2025-06-13T16:06:59+00:00","og_image":[{"width":282,"height":500,"url":"https:\/\/domainedebesse.fr\/wp-content\/uploads\/2025\/06\/IMG20250612082742.jpg","type":"image\/jpeg"}],"twitter_card":"summary_large_image","twitter_misc":{"Dur\u00e9e de lecture estim\u00e9e":"1 minute"},"schema":{"@context":"https:\/\/schema.org","@graph":[{"@type":"WebPage","@id":"https:\/\/domainedebesse.fr\/index.php\/produit\/le-champ-de-jacques-2024\/","url":"https:\/\/domainedebesse.fr\/index.php\/produit\/le-champ-de-jacques-2024\/","name":"LE CHAMP DE JACQUES 2024 VIN ROUGE BIO 80% CARIGNAN 20% GRENACHE - DOMAINE DE BESSE","isPartOf":{"@id":"https:\/\/domainedebesse.fr\/#website"},"datePublished":"2025-06-12T10:16:20+00:00","dateModified":"2025-06-13T16:06:59+00:00","description":"Le champ de Jacques 2024 vin rouge fruit\u00e9 en Agriculture Biologique \u00e9labor\u00e9 en mac\u00e9ration carbonique 80% carignan 20% grenache, les vendanges sont manuelles","breadcrumb":{"@id":"https:\/\/domainedebesse.fr\/index.php\/produit\/le-champ-de-jacques-2024\/#breadcrumb"},"inLanguage":"fr-FR","potentialAction":[{"@type":"ReadAction","target":["https:\/\/domainedebesse.fr\/index.php\/produit\/le-champ-de-jacques-2024\/"]}]},{"@type":"BreadcrumbList","@id":"https:\/\/domainedebesse.fr\/index.php\/produit\/le-champ-de-jacques-2024\/#breadcrumb","itemListElement":[{"@type":"ListItem","position":1,"name":"Accueil","item":"https:\/\/domainedebesse.fr\/"},{"@type":"ListItem","position":2,"name":"Boutique de vente de vin","item":"https:\/\/domainedebesse.fr\/index.php\/boutique-vente-de-vin\/"},{"@type":"ListItem","position":3,"name":"LE CHAMP DE JACQUES 2024 VIN ROUGE BIO 80% CARIGNAN 20% GRENACHE"}]},{"@type":"WebSite","@id":"https:\/\/domainedebesse.fr\/#website","url":"https:\/\/domainedebesse.fr\/","name":"DOMAINE DE BESSE","description":"Une histoire de famille et d&#039;amiti\u00e9s","potentialAction":[{"@type":"SearchAction","target":{"@type":"EntryPoint","urlTemplate":"https:\/\/domainedebesse.fr\/?s={search_term_string}"},"query-input":"required name=search_term_string"}],"inLanguage":"fr-FR"}]}},"_links":{"self":[{"href":"https:\/\/domainedebesse.fr\/index.php\/wp-json\/wp\/v2\/product\/910"}],"collection":[{"href":"https:\/\/domainedebesse.fr\/index.php\/wp-json\/wp\/v2\/product"}],"about":[{"href":"https:\/\/domainedebesse.fr\/index.php\/wp-json\/wp\/v2\/types\/product"}],"wp:featuredmedia":[{"embeddable":true,"href":"https:\/\/domainedebesse.fr\/index.php\/wp-json\/wp\/v2\/media\/912"}],"wp:attachment":[{"href":"https:\/\/domainedebesse.fr\/index.php\/wp-json\/wp\/v2\/media?parent=910"}],"wp:term":[{"taxonomy":"product_cat","embeddable":true,"href":"https:\/\/domainedebesse.fr\/index.php\/wp-json\/wp\/v2\/product_cat?post=910"},{"taxonomy":"product_tag","embeddable":true,"href":"https:\/\/domainedebesse.fr\/index.php\/wp-json\/wp\/v2\/product_tag?post=910"}],"curies":[{"name":"wp","href":"https:\/\/api.w.org\/{rel}","templated":true}]}}