{"id":958,"date":"2025-11-18T10:06:24","date_gmt":"2025-11-18T08:06:24","guid":{"rendered":"https:\/\/domainedebesse.fr\/?post_type=product&#038;p=958"},"modified":"2025-11-18T10:18:47","modified_gmt":"2025-11-18T08:18:47","slug":"corbeille-n2","status":"publish","type":"product","link":"https:\/\/domainedebesse.fr\/index.php\/produit\/corbeille-n2\/","title":{"rendered":"CORBEILLE N\u00b02"},"content":{"rendered":"<p>Vin Rouge f\u00fbt de ch\u00eane et jus de raisin Bio<br \/>\nMise en bouche de volaille 130Grs<br \/>\nD\u00e9lice de volailles au foie gras 130Grs<br \/>\nMarbr\u00e9 de volaille festif au foie gras 90Grs<br \/>\nGalantine de dinde aux marrons 190grs<\/p>\n","protected":false},"excerpt":{"rendered":"<p>Vin Rouge f\u00fbt de ch\u00eane et jus de raisin Bio Mise en bouche de volaille 130Grs D\u00e9lice de volailles au foie gras 130Grs Marbr\u00e9 de volaille festif au foie gras 90Grs Galantine de dinde aux marrons 190grs<\/p>\n","protected":false},"featured_media":959,"template":"","meta":{"_monsterinsights_skip_tracking":false,"_monsterinsights_sitenote_active":false,"_monsterinsights_sitenote_note":"","_monsterinsights_sitenote_category":0},"product_cat":[41],"product_tag":[],"yoast_head":"<!-- This site is optimized with the Yoast SEO plugin v21.1 - https:\/\/yoast.com\/wordpress\/plugins\/seo\/ -->\n<title>CORBEILLE N\u00b02 - DOMAINE DE BESSE<\/title>\n<meta name=\"robots\" content=\"index, follow, max-snippet:-1, max-image-preview:large, max-video-preview:-1\" \/>\n<link rel=\"canonical\" href=\"https:\/\/domainedebesse.fr\/index.php\/produit\/corbeille-n2\/\" \/>\n<meta property=\"og:locale\" content=\"fr_FR\" \/>\n<meta property=\"og:type\" content=\"article\" \/>\n<meta property=\"og:title\" content=\"CORBEILLE N\u00b02 - DOMAINE DE BESSE\" \/>\n<meta property=\"og:description\" content=\"Vin Rouge f\u00fbt de ch\u00eane et jus de raisin Bio Mise en bouche de volaille 130Grs D\u00e9lice de volailles au foie gras 130Grs Marbr\u00e9 de volaille festif au foie gras 90Grs Galantine de dinde aux marrons 190grs\" \/>\n<meta property=\"og:url\" content=\"https:\/\/domainedebesse.fr\/index.php\/produit\/corbeille-n2\/\" \/>\n<meta property=\"og:site_name\" content=\"DOMAINE DE BESSE\" \/>\n<meta property=\"article:modified_time\" content=\"2025-11-18T08:18:47+00:00\" \/>\n<meta property=\"og:image\" content=\"https:\/\/domainedebesse.fr\/wp-content\/uploads\/2025\/11\/N-2-IMG_20251021_153656.jpg\" \/>\n\t<meta property=\"og:image:width\" content=\"379\" \/>\n\t<meta property=\"og:image:height\" content=\"500\" \/>\n\t<meta property=\"og:image:type\" content=\"image\/jpeg\" \/>\n<meta name=\"twitter:card\" content=\"summary_large_image\" \/>\n<meta name=\"twitter:label1\" content=\"Dur\u00e9e de lecture estim\u00e9e\" \/>\n\t<meta name=\"twitter:data1\" content=\"1 minute\" \/>\n<script type=\"application\/ld+json\" class=\"yoast-schema-graph\">{\"@context\":\"https:\/\/schema.org\",\"@graph\":[{\"@type\":\"WebPage\",\"@id\":\"https:\/\/domainedebesse.fr\/index.php\/produit\/corbeille-n2\/\",\"url\":\"https:\/\/domainedebesse.fr\/index.php\/produit\/corbeille-n2\/\",\"name\":\"CORBEILLE N\u00b02 - DOMAINE DE BESSE\",\"isPartOf\":{\"@id\":\"https:\/\/domainedebesse.fr\/#website\"},\"datePublished\":\"2025-11-18T08:06:24+00:00\",\"dateModified\":\"2025-11-18T08:18:47+00:00\",\"breadcrumb\":{\"@id\":\"https:\/\/domainedebesse.fr\/index.php\/produit\/corbeille-n2\/#breadcrumb\"},\"inLanguage\":\"fr-FR\",\"potentialAction\":[{\"@type\":\"ReadAction\",\"target\":[\"https:\/\/domainedebesse.fr\/index.php\/produit\/corbeille-n2\/\"]}]},{\"@type\":\"BreadcrumbList\",\"@id\":\"https:\/\/domainedebesse.fr\/index.php\/produit\/corbeille-n2\/#breadcrumb\",\"itemListElement\":[{\"@type\":\"ListItem\",\"position\":1,\"name\":\"Accueil\",\"item\":\"https:\/\/domainedebesse.fr\/\"},{\"@type\":\"ListItem\",\"position\":2,\"name\":\"Boutique de vente de vin\",\"item\":\"https:\/\/domainedebesse.fr\/index.php\/boutique-vente-de-vin\/\"},{\"@type\":\"ListItem\",\"position\":3,\"name\":\"CORBEILLE N\u00b02\"}]},{\"@type\":\"WebSite\",\"@id\":\"https:\/\/domainedebesse.fr\/#website\",\"url\":\"https:\/\/domainedebesse.fr\/\",\"name\":\"DOMAINE DE BESSE\",\"description\":\"Une histoire de famille et d&#039;amiti\u00e9s\",\"potentialAction\":[{\"@type\":\"SearchAction\",\"target\":{\"@type\":\"EntryPoint\",\"urlTemplate\":\"https:\/\/domainedebesse.fr\/?s={search_term_string}\"},\"query-input\":\"required name=search_term_string\"}],\"inLanguage\":\"fr-FR\"}]}<\/script>\n<!-- \/ Yoast SEO plugin. -->","yoast_head_json":{"title":"CORBEILLE N\u00b02 - DOMAINE DE BESSE","robots":{"index":"index","follow":"follow","max-snippet":"max-snippet:-1","max-image-preview":"max-image-preview:large","max-video-preview":"max-video-preview:-1"},"canonical":"https:\/\/domainedebesse.fr\/index.php\/produit\/corbeille-n2\/","og_locale":"fr_FR","og_type":"article","og_title":"CORBEILLE N\u00b02 - DOMAINE DE BESSE","og_description":"Vin Rouge f\u00fbt de ch\u00eane et jus de raisin Bio Mise en bouche de volaille 130Grs D\u00e9lice de volailles au foie gras 130Grs Marbr\u00e9 de volaille festif au foie gras 90Grs Galantine de dinde aux marrons 190grs","og_url":"https:\/\/domainedebesse.fr\/index.php\/produit\/corbeille-n2\/","og_site_name":"DOMAINE DE BESSE","article_modified_time":"2025-11-18T08:18:47+00:00","og_image":[{"width":379,"height":500,"url":"https:\/\/domainedebesse.fr\/wp-content\/uploads\/2025\/11\/N-2-IMG_20251021_153656.jpg","type":"image\/jpeg"}],"twitter_card":"summary_large_image","twitter_misc":{"Dur\u00e9e de lecture estim\u00e9e":"1 minute"},"schema":{"@context":"https:\/\/schema.org","@graph":[{"@type":"WebPage","@id":"https:\/\/domainedebesse.fr\/index.php\/produit\/corbeille-n2\/","url":"https:\/\/domainedebesse.fr\/index.php\/produit\/corbeille-n2\/","name":"CORBEILLE N\u00b02 - DOMAINE DE BESSE","isPartOf":{"@id":"https:\/\/domainedebesse.fr\/#website"},"datePublished":"2025-11-18T08:06:24+00:00","dateModified":"2025-11-18T08:18:47+00:00","breadcrumb":{"@id":"https:\/\/domainedebesse.fr\/index.php\/produit\/corbeille-n2\/#breadcrumb"},"inLanguage":"fr-FR","potentialAction":[{"@type":"ReadAction","target":["https:\/\/domainedebesse.fr\/index.php\/produit\/corbeille-n2\/"]}]},{"@type":"BreadcrumbList","@id":"https:\/\/domainedebesse.fr\/index.php\/produit\/corbeille-n2\/#breadcrumb","itemListElement":[{"@type":"ListItem","position":1,"name":"Accueil","item":"https:\/\/domainedebesse.fr\/"},{"@type":"ListItem","position":2,"name":"Boutique de vente de vin","item":"https:\/\/domainedebesse.fr\/index.php\/boutique-vente-de-vin\/"},{"@type":"ListItem","position":3,"name":"CORBEILLE N\u00b02"}]},{"@type":"WebSite","@id":"https:\/\/domainedebesse.fr\/#website","url":"https:\/\/domainedebesse.fr\/","name":"DOMAINE DE BESSE","description":"Une histoire de famille et d&#039;amiti\u00e9s","potentialAction":[{"@type":"SearchAction","target":{"@type":"EntryPoint","urlTemplate":"https:\/\/domainedebesse.fr\/?s={search_term_string}"},"query-input":"required name=search_term_string"}],"inLanguage":"fr-FR"}]}},"_links":{"self":[{"href":"https:\/\/domainedebesse.fr\/index.php\/wp-json\/wp\/v2\/product\/958"}],"collection":[{"href":"https:\/\/domainedebesse.fr\/index.php\/wp-json\/wp\/v2\/product"}],"about":[{"href":"https:\/\/domainedebesse.fr\/index.php\/wp-json\/wp\/v2\/types\/product"}],"wp:featuredmedia":[{"embeddable":true,"href":"https:\/\/domainedebesse.fr\/index.php\/wp-json\/wp\/v2\/media\/959"}],"wp:attachment":[{"href":"https:\/\/domainedebesse.fr\/index.php\/wp-json\/wp\/v2\/media?parent=958"}],"wp:term":[{"taxonomy":"product_cat","embeddable":true,"href":"https:\/\/domainedebesse.fr\/index.php\/wp-json\/wp\/v2\/product_cat?post=958"},{"taxonomy":"product_tag","embeddable":true,"href":"https:\/\/domainedebesse.fr\/index.php\/wp-json\/wp\/v2\/product_tag?post=958"}],"curies":[{"name":"wp","href":"https:\/\/api.w.org\/{rel}","templated":true}]}}