{"id":968,"date":"2025-11-18T10:27:44","date_gmt":"2025-11-18T08:27:44","guid":{"rendered":"https:\/\/domainedebesse.fr\/?post_type=product&#038;p=968"},"modified":"2025-11-18T10:27:44","modified_gmt":"2025-11-18T08:27:44","slug":"corbeille-n5","status":"publish","type":"product","link":"https:\/\/domainedebesse.fr\/index.php\/produit\/corbeille-n5\/","title":{"rendered":"CORBEILLE N\u00b05"},"content":{"rendered":"<p>Vin blanc Bio<br \/>\nVin rouge f\u00fbt de ch\u00eane<br \/>\nFoie gras de canard 120grs<br \/>\nD\u00e9lice de volailles au foie gras 130Grs<br \/>\nSoupe de poisson de roche 370ml<br \/>\nRouille s\u00e9toise 70Grs<br \/>\nGalantine de dinde aux marrons 190grs<\/p>\n","protected":false},"excerpt":{"rendered":"<p>Vin blanc Bio Vin rouge f\u00fbt de ch\u00eane Foie gras de canard 120grs D\u00e9lice de volailles au foie gras 130Grs Soupe de poisson de roche 370ml Rouille s\u00e9toise 70Grs Galantine de dinde aux marrons 190grs<\/p>\n","protected":false},"featured_media":969,"template":"","meta":{"_monsterinsights_skip_tracking":false,"_monsterinsights_sitenote_active":false,"_monsterinsights_sitenote_note":"","_monsterinsights_sitenote_category":0},"product_cat":[41],"product_tag":[],"yoast_head":"<!-- This site is optimized with the Yoast SEO plugin v21.1 - https:\/\/yoast.com\/wordpress\/plugins\/seo\/ -->\n<title>CORBEILLE N\u00b05 - DOMAINE DE BESSE<\/title>\n<meta name=\"robots\" content=\"index, follow, max-snippet:-1, max-image-preview:large, max-video-preview:-1\" \/>\n<link rel=\"canonical\" href=\"https:\/\/domainedebesse.fr\/index.php\/produit\/corbeille-n5\/\" \/>\n<meta property=\"og:locale\" content=\"fr_FR\" \/>\n<meta property=\"og:type\" content=\"article\" \/>\n<meta property=\"og:title\" content=\"CORBEILLE N\u00b05 - DOMAINE DE BESSE\" \/>\n<meta property=\"og:description\" content=\"Vin blanc Bio Vin rouge f\u00fbt de ch\u00eane Foie gras de canard 120grs D\u00e9lice de volailles au foie gras 130Grs Soupe de poisson de roche 370ml Rouille s\u00e9toise 70Grs Galantine de dinde aux marrons 190grs\" \/>\n<meta property=\"og:url\" content=\"https:\/\/domainedebesse.fr\/index.php\/produit\/corbeille-n5\/\" \/>\n<meta property=\"og:site_name\" content=\"DOMAINE DE BESSE\" \/>\n<meta property=\"og:image\" content=\"https:\/\/domainedebesse.fr\/wp-content\/uploads\/2025\/11\/N-5-IMG_20251021_155603.jpg\" \/>\n\t<meta property=\"og:image:width\" content=\"465\" \/>\n\t<meta property=\"og:image:height\" content=\"500\" \/>\n\t<meta property=\"og:image:type\" content=\"image\/jpeg\" \/>\n<meta name=\"twitter:card\" content=\"summary_large_image\" \/>\n<script type=\"application\/ld+json\" class=\"yoast-schema-graph\">{\"@context\":\"https:\/\/schema.org\",\"@graph\":[{\"@type\":\"WebPage\",\"@id\":\"https:\/\/domainedebesse.fr\/index.php\/produit\/corbeille-n5\/\",\"url\":\"https:\/\/domainedebesse.fr\/index.php\/produit\/corbeille-n5\/\",\"name\":\"CORBEILLE N\u00b05 - DOMAINE DE BESSE\",\"isPartOf\":{\"@id\":\"https:\/\/domainedebesse.fr\/#website\"},\"datePublished\":\"2025-11-18T08:27:44+00:00\",\"dateModified\":\"2025-11-18T08:27:44+00:00\",\"breadcrumb\":{\"@id\":\"https:\/\/domainedebesse.fr\/index.php\/produit\/corbeille-n5\/#breadcrumb\"},\"inLanguage\":\"fr-FR\",\"potentialAction\":[{\"@type\":\"ReadAction\",\"target\":[\"https:\/\/domainedebesse.fr\/index.php\/produit\/corbeille-n5\/\"]}]},{\"@type\":\"BreadcrumbList\",\"@id\":\"https:\/\/domainedebesse.fr\/index.php\/produit\/corbeille-n5\/#breadcrumb\",\"itemListElement\":[{\"@type\":\"ListItem\",\"position\":1,\"name\":\"Accueil\",\"item\":\"https:\/\/domainedebesse.fr\/\"},{\"@type\":\"ListItem\",\"position\":2,\"name\":\"Boutique de vente de vin\",\"item\":\"https:\/\/domainedebesse.fr\/index.php\/boutique-vente-de-vin\/\"},{\"@type\":\"ListItem\",\"position\":3,\"name\":\"CORBEILLE N\u00b05\"}]},{\"@type\":\"WebSite\",\"@id\":\"https:\/\/domainedebesse.fr\/#website\",\"url\":\"https:\/\/domainedebesse.fr\/\",\"name\":\"DOMAINE DE BESSE\",\"description\":\"Une histoire de famille et d&#039;amiti\u00e9s\",\"potentialAction\":[{\"@type\":\"SearchAction\",\"target\":{\"@type\":\"EntryPoint\",\"urlTemplate\":\"https:\/\/domainedebesse.fr\/?s={search_term_string}\"},\"query-input\":\"required name=search_term_string\"}],\"inLanguage\":\"fr-FR\"}]}<\/script>\n<!-- \/ Yoast SEO plugin. -->","yoast_head_json":{"title":"CORBEILLE N\u00b05 - DOMAINE DE BESSE","robots":{"index":"index","follow":"follow","max-snippet":"max-snippet:-1","max-image-preview":"max-image-preview:large","max-video-preview":"max-video-preview:-1"},"canonical":"https:\/\/domainedebesse.fr\/index.php\/produit\/corbeille-n5\/","og_locale":"fr_FR","og_type":"article","og_title":"CORBEILLE N\u00b05 - DOMAINE DE BESSE","og_description":"Vin blanc Bio Vin rouge f\u00fbt de ch\u00eane Foie gras de canard 120grs D\u00e9lice de volailles au foie gras 130Grs Soupe de poisson de roche 370ml Rouille s\u00e9toise 70Grs Galantine de dinde aux marrons 190grs","og_url":"https:\/\/domainedebesse.fr\/index.php\/produit\/corbeille-n5\/","og_site_name":"DOMAINE DE BESSE","og_image":[{"width":465,"height":500,"url":"https:\/\/domainedebesse.fr\/wp-content\/uploads\/2025\/11\/N-5-IMG_20251021_155603.jpg","type":"image\/jpeg"}],"twitter_card":"summary_large_image","schema":{"@context":"https:\/\/schema.org","@graph":[{"@type":"WebPage","@id":"https:\/\/domainedebesse.fr\/index.php\/produit\/corbeille-n5\/","url":"https:\/\/domainedebesse.fr\/index.php\/produit\/corbeille-n5\/","name":"CORBEILLE N\u00b05 - DOMAINE DE BESSE","isPartOf":{"@id":"https:\/\/domainedebesse.fr\/#website"},"datePublished":"2025-11-18T08:27:44+00:00","dateModified":"2025-11-18T08:27:44+00:00","breadcrumb":{"@id":"https:\/\/domainedebesse.fr\/index.php\/produit\/corbeille-n5\/#breadcrumb"},"inLanguage":"fr-FR","potentialAction":[{"@type":"ReadAction","target":["https:\/\/domainedebesse.fr\/index.php\/produit\/corbeille-n5\/"]}]},{"@type":"BreadcrumbList","@id":"https:\/\/domainedebesse.fr\/index.php\/produit\/corbeille-n5\/#breadcrumb","itemListElement":[{"@type":"ListItem","position":1,"name":"Accueil","item":"https:\/\/domainedebesse.fr\/"},{"@type":"ListItem","position":2,"name":"Boutique de vente de vin","item":"https:\/\/domainedebesse.fr\/index.php\/boutique-vente-de-vin\/"},{"@type":"ListItem","position":3,"name":"CORBEILLE N\u00b05"}]},{"@type":"WebSite","@id":"https:\/\/domainedebesse.fr\/#website","url":"https:\/\/domainedebesse.fr\/","name":"DOMAINE DE BESSE","description":"Une histoire de famille et d&#039;amiti\u00e9s","potentialAction":[{"@type":"SearchAction","target":{"@type":"EntryPoint","urlTemplate":"https:\/\/domainedebesse.fr\/?s={search_term_string}"},"query-input":"required name=search_term_string"}],"inLanguage":"fr-FR"}]}},"_links":{"self":[{"href":"https:\/\/domainedebesse.fr\/index.php\/wp-json\/wp\/v2\/product\/968"}],"collection":[{"href":"https:\/\/domainedebesse.fr\/index.php\/wp-json\/wp\/v2\/product"}],"about":[{"href":"https:\/\/domainedebesse.fr\/index.php\/wp-json\/wp\/v2\/types\/product"}],"wp:featuredmedia":[{"embeddable":true,"href":"https:\/\/domainedebesse.fr\/index.php\/wp-json\/wp\/v2\/media\/969"}],"wp:attachment":[{"href":"https:\/\/domainedebesse.fr\/index.php\/wp-json\/wp\/v2\/media?parent=968"}],"wp:term":[{"taxonomy":"product_cat","embeddable":true,"href":"https:\/\/domainedebesse.fr\/index.php\/wp-json\/wp\/v2\/product_cat?post=968"},{"taxonomy":"product_tag","embeddable":true,"href":"https:\/\/domainedebesse.fr\/index.php\/wp-json\/wp\/v2\/product_tag?post=968"}],"curies":[{"name":"wp","href":"https:\/\/api.w.org\/{rel}","templated":true}]}}